{"id":1097,"date":"2024-01-28T18:21:56","date_gmt":"2024-01-28T17:21:56","guid":{"rendered":"https:\/\/bohemiatopstar.cz\/wpme\/?page_id=1097"},"modified":"2024-01-28T19:23:44","modified_gmt":"2024-01-28T18:23:44","slug":"prispevky","status":"publish","type":"page","link":"https:\/\/bohemiatopstar.cz\/wpme\/index.php\/prispevky\/","title":{"rendered":"\u010cl\u00e1nky"},"content":{"rendered":"\n\t<style>\n\t \t\n\t\t\/* Image to background *\/\n\t\t#bf_gallery_1 .portfolio_thumbnail {\n\t\tborder-radius: 0;\n\t\tdisplay: block;\n\t\theight: auto;\n\t\tline-height: 1.42857;\n\t\twidth: 100%;\n\t\tfloat: left;\n\t}\n\n\t\/* thumb spacing *\/\n\t#bf_gallery_1 .col-xs-1, #bf_gallery_1 .col-sm-1, #bf_gallery_1 .col-md-1, #bf_gallery_1 .col-lg-1, #bf_gallery_1 .col-xs-2, #bf_gallery_1 .col-sm-2, #bf_gallery_1 .col-md-2, #bf_gallery_1 .col-lg-2, \n\t #bf_gallery_1 .col-xs-3, #bf_gallery_1 .col-sm-3, #bf_gallery_1 .col-md-3, #bf_gallery_1 .col-lg-3, #bf_gallery_1 .col-xs-4, #bf_gallery_1 .col-sm-4, #bf_gallery_1 .col-md-4, #bf_gallery_1 .col-lg-4, \n\t #bf_gallery_1 .col-xs-5, #bf_gallery_1 .col-sm-5, #bf_gallery_1 .col-md-5, #bf_gallery_1 .col-lg-5, #bf_gallery_1 .col-xs-6, #bf_gallery_1 .col-sm-6, #bf_gallery_1 .col-md-6, #bf_gallery_1 .col-lg-6, \n\t #bf_gallery_1 .col-xs-7, #bf_gallery_1 .col-sm-7, #bf_gallery_1 .col-md-7, #bf_gallery_1 .col-lg-7, #bf_gallery_1 .col-xs-8, #bf_gallery_1 .col-sm-8, #bf_gallery_1 .col-md-8, #bf_gallery_1 .col-lg-8, \n\t #bf_gallery_1 .col-xs-9, #bf_gallery_1 .col-sm-9, #bf_gallery_1 .col-md-9, #bf_gallery_1 .col-lg-9, #bf_gallery_1 .col-xs-10, #bf_gallery_1 .col-sm-10, #bf_gallery_1 .col-md-10, #bf_gallery_1 .col-lg-10, \n\t #bf_gallery_1 .col-xs-11, #bf_gallery_1 .col-sm-11, #bf_gallery_1 .col-md-11, #bf_gallery_1 .col-lg-11, #bf_gallery_1 .col-xs-12, #bf_gallery_1 .col-sm-12, #bf_gallery_1 .col-md-12, #bf_gallery_1 .col-lg-12 {\n\t\tpadding-right: 5px !important;\n\t\tpadding-left: 5px !important;\n\t\tpadding-bottom: 5px !important;\n\t\tpadding-top: 5px !important;\n\t}\n\t\n\t\/* title box css*\/\n\t.bf_thumb_box_1 {\n\t\tpadding: inherit;\n\t\tbackground-color: #EDEEF0;\n\t\tborder: 1px solid;\n\t\tborder-color: rgba( 213, 216, 221 );\n\t}\n\t.bf_title_box_1 {\n\t\tpadding-top: 5px;\n\t\tpadding-bottom: 10px;\n\t\tpadding-left: 8px;\n\t\tpadding-right: 8px;\n\t}\n\t\n\t.bf_title_box_2 {\n\t\tpadding-top: 10px;\n\t\tpadding-bottom: 10px;\n\t\tpadding-left: 8px;\n\t\tpadding-right: 8px;\n\t}\n\t.bf_title_1 {\n\t\tmargin-top: 10px;\n\t\tmargin-bottom: 10px;\n\t\tfont-size: 20px !important;\n\t\tcolor : #000000;\n\t\tfont-weight: bold;\n\t}\n\t.bf_desc_1 {\n\t\tfont-size: 14px;\n\t\tcolor: #000000;\n\t\tmargin:10px 1px;\n\t}\n\t.bf_read_more_div_1 {\n\t\ttext-align: right;\n\t\tmargin:20px 0px 5px 0px;\n\t}\n\t.bf_read_more_1 {\n\t\ttext-decoration:none;\n\t} \n\t.bf_read_more_1:hover {\n\t\ttext-decoration:none;\n\t}\n\t.snip0047 {\n\t\tbackground-color: #02cfaa !important;\n\t}\n\t.snip0047:focus {\n\t\tbackground-color: #02cfaa !important;\n\t}\n\t.snip0047:active {\n\t\tbackground-color: #02cfaa !important;\n\t}\n\t\n\t\/* hover 1*\/\n\t.simplefilter {\n\t  font-family: 'Raleway', Arial, sans-serif;\n\t  text-align: center;\n\t  text-transform: uppercase;\n\t  font-weight: 500;\n\t  letter-spacing: 1px;\n\t  padding: 0;\n\t  margin-top:20px;\n\t  margin-bottom:20px;\n\t}\n\t.metaInfo {\n\t\tmargin-top: 10px;\n\t\tmargin-bottom: 10px;\n\t\tpadding: 0;\n\t\tfont-size: 14px;\n\t\tfont-weight: 600;\n\t\tdisplay:inline-block;\n\t}\n\t.metaInfo > span {\n\t\tdisplay: inline-block;\n\t\tmargin-right: 6px;\n\t\tcolor: inherit;\n\t}\n\t.metaInfo > span > i > .blog_cat_icon {\n\t\theight: 16px !important;\n\t\twidth: 20px !important;\n\t\topacity: 0.7;\n\t\tmargin-bottom: 2px\n\t}\n\t.metaInfo > span > i > .blog_tag_icon {\n\t\theight: 22px !important;\n\t\twidth: 22px !important;\n\t\tmargin-bottom: 2px\n\t}\n\t.pagination {\n\t\tdisplay: inline-block;\n\t\tpadding-left: 0;\n\t\tmargin: 20px 0;\n\t\tborder-radius: 4px;\n\t}\n\t.pagination span { \n\t\tbackground : #02cfaa;\n\t\tborder: 1px solid #eaeaea;\n\t\tdisplay: inline-block;\n\t\ttext-align: center;\n\t\tcolor: #FFFFFF;\n\t\tpadding: 4px 12px;\n\t\tborder-radius:5px;\n\t}\n\t.pagination span:hover { \n\t\tbackground : #02cfaa; \n\t\tcolor : #ffffff; \n\t}\n\t.pagination a {\n\t\tborder: 1px solid #02cfaa;\n\t\tdisplay: inline-block;\n\t\ttext-align: center;\n\t\tcolor: #02cfaa;\n\t\tpadding: 4px 12px;\n\t\tborder-radius:5px;\n\t}\n\t.pagination a:hover, .pagination a:focus {\n\t\tbackground: #02cfaa;\n\t\tcolor: #FFFFFF;\n\t\ttext-decoration:none;\n\t}\n\t<\/style>\n\t\t<div class=\"blog_filter_main\" >\n\t\t\t\t\t\t<!-- filters --> \t\t\t\t\n\t\t\t\t<div class=\"text-center\">\n\t\t\t\t\t<ul class=\"simplefilter\">\n\t\t\t\t\t\t\t\t\t\t\t<li id=\"all\" class=\"snip0047 active\" data-filter=\"all\"><span style=\"pointer-events: none;\">V\u0161e (42)<\/span><i class=\"fa fa-check\" style=\"pointer-events: none;\"><\/i><\/li>\n\t\t\t\t\t\t\t\t\t\t\t\t<li class=\"snip0047\" value=\"45\" data-filter=\"45\"><span style=\"pointer-events: none;\">V\u00fdcvik (35)<\/span><i class=\"fa fa-check\" style=\"pointer-events: none;\"><\/i><\/li>\n\t\t\t\t\t\t\t\t\t\t\t\t<li class=\"snip0047\" value=\"44\" data-filter=\"44\"><span style=\"pointer-events: none;\">V\u00fdstavy (3)<\/span><i class=\"fa fa-check\" style=\"pointer-events: none;\"><\/i><\/li>\n\t\t\t\t\t\t\t\t\t\t\t\t<li class=\"snip0047\" value=\"64\" data-filter=\"64\"><span style=\"pointer-events: none;\">\u017divot se psem (4)<\/span><i class=\"fa fa-check\" style=\"pointer-events: none;\"><\/i><\/li>\n\t\t\t\t\t\t\t\t\t\t\t<\/ul>\n\t\t\t\t<\/div>\n\t\t\t\t\t\t\t\t\t<div class=\"search text-center\">\n\t\t\t\t\t\t<input type=\"text\" class=\"filtr-controls searchTerm\" name=\"blog_search\" placeholder=\"Hledat\" data-search>\n\t\t\t\t\t<\/div>\n\t\t\t\t\t\t\t<!-- posts -->\n\t\t<div id=\"bf_gallery_1\" class=\"filtr-container filters-div \" style=\"opacity:0;\">\n\t\t\t\t\t\t\t<div id=\"bf_1733\" data-category=\"65, 45\" data-sort=\"V\u00fdcvik\" class=\" pfg_theme_1 filtr-item filtr_item_1 single_one col-lg-3 col-md-4 col-sm-6 col-xs-12\">\n\t\t\t\t\t<div class=\"bf_thumb_box_1 hvr-shadow-radial\">\n\t\t\t\t\t\t<div class=\"bf_title_box_1\">\n\t\t\t\t\t\t\t\t\t\t\t\t\t\t\t<h3 class=\"bf_title_1\">Tr\u00e9nink Vesel\u00ed 15.3.2026<\/h3>\n\t\t\t\t\t\t\t\t\t\t\t\t\t\t<\/div>\n\t\t\t\t\t\t\t\t\t\t\t\t<div class=\"bf_title_box_2\">\n\t\t\t\t\t\t\t\t\t\t\t\t\t\t\t<div class=\"metaInfo\">\n\t\t\t\t\t\t\t\t\t\t\t\t\t\t\t\t\t\t\t<span><i class=\"fa fa-calendar\"><\/i> 17 b\u0159ezna, 2026 <\/span>\n\t\t\t\t\t\t\t\t\t\t\t\t\t\t\t\t\t<\/div>\n\t\t\t\t\t\t\t\t\t\t\t\t\t\t\t\t<div class=\"bf_desc_1\">\n\t\t\t\t\t\t\t\t\t...\t\t\t\t\t\t\t\t<\/div>\n\t\t\t\t\t\t\t\t\t\t\t\t\t\t\t\t<div class=\"bf_read_more_div_1\">\n\t\t\t\t\t\t\t\t\t<a class=\"snip0047 bf_read_more_1\" href=\"https:\/\/bohemiatopstar.cz\/wpme\/index.php\/2026\/03\/17\/trenink-veseli-15-3-2026\/\" target=\"\"><span>V\u00edce<\/span><i class=\"fa fa-link\"><\/i><\/a>\n\t\t\t\t\t\t\t\t<\/div>\n\t\t\t\t\t\t\t\t\t\t\t\t\t\t<\/div>\n\t\t\t\t\t<\/div>\n\t\t\t\t<\/div>\n\t\t\t\t\t\t\t\t<div id=\"bf_1736\" data-category=\"63, 45\" data-sort=\"V\u00fdcvik\" class=\" pfg_theme_1 filtr-item filtr_item_1 single_one col-lg-3 col-md-4 col-sm-6 col-xs-12\">\n\t\t\t\t\t<div class=\"bf_thumb_box_1 hvr-shadow-radial\">\n\t\t\t\t\t\t<div class=\"bf_title_box_1\">\n\t\t\t\t\t\t\t\t\t\t\t\t\t\t\t<h3 class=\"bf_title_1\">Tr\u00e9nink Vesel\u00ed 10.1.2026<\/h3>\n\t\t\t\t\t\t\t\t\t\t\t\t\t\t<\/div>\n\t\t\t\t\t\t\t\t\t\t\t\t<div class=\"bf_title_box_2\">\n\t\t\t\t\t\t\t\t\t\t\t\t\t\t\t<div class=\"metaInfo\">\n\t\t\t\t\t\t\t\t\t\t\t\t\t\t\t\t\t\t\t<span><i class=\"fa fa-calendar\"><\/i> 10 ledna, 2026 <\/span>\n\t\t\t\t\t\t\t\t\t\t\t\t\t\t\t\t\t<\/div>\n\t\t\t\t\t\t\t\t\t\t\t\t\t\t\t\t<div class=\"bf_desc_1\">\n\t\t\t\t\t\t\t\t\t...\t\t\t\t\t\t\t\t<\/div>\n\t\t\t\t\t\t\t\t\t\t\t\t\t\t\t\t<div class=\"bf_read_more_div_1\">\n\t\t\t\t\t\t\t\t\t<a class=\"snip0047 bf_read_more_1\" href=\"https:\/\/bohemiatopstar.cz\/wpme\/index.php\/2026\/01\/10\/trenink-veseli-10-1-2026\/\" target=\"\"><span>V\u00edce<\/span><i class=\"fa fa-link\"><\/i><\/a>\n\t\t\t\t\t\t\t\t<\/div>\n\t\t\t\t\t\t\t\t\t\t\t\t\t\t<\/div>\n\t\t\t\t\t<\/div>\n\t\t\t\t<\/div>\n\t\t\t\t\t\t\t\t<div id=\"bf_1680\" data-category=\"63, 45\" data-sort=\"V\u00fdcvik\" class=\" pfg_theme_1 filtr-item filtr_item_1 single_one col-lg-3 col-md-4 col-sm-6 col-xs-12\">\n\t\t\t\t\t<div class=\"bf_thumb_box_1 hvr-shadow-radial\">\n\t\t\t\t\t\t<div class=\"bf_title_box_1\">\n\t\t\t\t\t\t\t\t\t\t\t\t\t\t\t<h3 class=\"bf_title_1\">V\u00fdcvikov\u00fd v\u00edkend \u0160ev\u011bt\u00edn 22.-24.8.2024<\/h3>\n\t\t\t\t\t\t\t\t\t\t\t\t\t\t<\/div>\n\t\t\t\t\t\t\t\t\t\t\t\t\t\t\t<figure class=\"snip1550 fit-in-content\" style=\"\">\n\t\t\t\t\t\t\t\t\t\t\t\t\t\t\t\t\t\t\t\t\t<img decoding=\"async\" title=\"IMG_20250824_061515\" class=\"portfolio_thumbnail\" src=\"https:\/\/bohemiatopstar.cz\/wpme\/wp-content\/uploads\/2025\/09\/IMG_20250824_061515-1024x470.jpg\" alt=\"IMG_20250824_061515\">\n\t\t\t\t\t\t\t\t\t\t\t\t\t\t\t\t\t\t\t<\/figure>\n\t\t\t\t\t\t\t\t\t\t\t\t\t\t\t<div class=\"bf_title_box_2\">\n\t\t\t\t\t\t\t\t\t\t\t\t\t\t\t<div class=\"metaInfo\">\n\t\t\t\t\t\t\t\t\t\t\t\t\t\t\t\t\t\t\t<span><i class=\"fa fa-calendar\"><\/i> 24 srpna, 2025 <\/span>\n\t\t\t\t\t\t\t\t\t\t\t\t\t\t\t\t\t<\/div>\n\t\t\t\t\t\t\t\t\t\t\t\t\t\t\t\t<div class=\"bf_desc_1\">\n\t\t\t\t\t\t\t\t\tNa tenhle v\u00edkend jsem vyrazily s Hopi &#8211; byla to na\u0161e &#8220;hol\u010di\u010d\u00ed j\u00edzda&#8221;. Jirka ...\t\t\t\t\t\t\t\t<\/div>\n\t\t\t\t\t\t\t\t\t\t\t\t\t\t\t\t<div class=\"bf_read_more_div_1\">\n\t\t\t\t\t\t\t\t\t<a class=\"snip0047 bf_read_more_1\" href=\"https:\/\/bohemiatopstar.cz\/wpme\/index.php\/2025\/08\/24\/vycvikovy-vikend-sevetin-22-24-8-2024\/\" target=\"\"><span>V\u00edce<\/span><i class=\"fa fa-link\"><\/i><\/a>\n\t\t\t\t\t\t\t\t<\/div>\n\t\t\t\t\t\t\t\t\t\t\t\t\t\t<\/div>\n\t\t\t\t\t<\/div>\n\t\t\t\t<\/div>\n\t\t\t\t\t\t\t\t<div id=\"bf_1563\" data-category=\"63, 62, 45\" data-sort=\"V\u00fdcvik\" class=\" pfg_theme_1 filtr-item filtr_item_1 single_one col-lg-3 col-md-4 col-sm-6 col-xs-12\">\n\t\t\t\t\t<div class=\"bf_thumb_box_1 hvr-shadow-radial\">\n\t\t\t\t\t\t<div class=\"bf_title_box_1\">\n\t\t\t\t\t\t\t\t\t\t\t\t\t\t\t<h3 class=\"bf_title_1\">Zkou\u0161ky T\u00e1bor 17.11.2024<\/h3>\n\t\t\t\t\t\t\t\t\t\t\t\t\t\t<\/div>\n\t\t\t\t\t\t\t\t\t\t\t\t<div class=\"bf_title_box_2\">\n\t\t\t\t\t\t\t\t\t\t\t\t\t\t\t<div class=\"metaInfo\">\n\t\t\t\t\t\t\t\t\t\t\t\t\t\t\t\t\t\t\t<span><i class=\"fa fa-calendar\"><\/i> 17 listopadu, 2024 <\/span>\n\t\t\t\t\t\t\t\t\t\t\t\t\t\t\t\t\t<\/div>\n\t\t\t\t\t\t\t\t\t\t\t\t\t\t\t\t<div class=\"bf_desc_1\">\n\t\t\t\t\t\t\t\t\tv ned\u011bli nastoupily ob\u011b na\u0161e holky na zkou\u0161ky v T\u00e1bo\u0159e. No\u0159enka (Notabene Noir Goldest Danubi...\t\t\t\t\t\t\t\t<\/div>\n\t\t\t\t\t\t\t\t\t\t\t\t\t\t\t\t<div class=\"bf_read_more_div_1\">\n\t\t\t\t\t\t\t\t\t<a class=\"snip0047 bf_read_more_1\" href=\"https:\/\/bohemiatopstar.cz\/wpme\/index.php\/2024\/11\/17\/zkousky-tabor-17-11-2024\/\" target=\"\"><span>V\u00edce<\/span><i class=\"fa fa-link\"><\/i><\/a>\n\t\t\t\t\t\t\t\t<\/div>\n\t\t\t\t\t\t\t\t\t\t\t\t\t\t<\/div>\n\t\t\t\t\t<\/div>\n\t\t\t\t<\/div>\n\t\t\t\t\t\t\t\t<div id=\"bf_1559\" data-category=\"63, 62, 45\" data-sort=\"V\u00fdcvik\" class=\" pfg_theme_1 filtr-item filtr_item_1 single_one col-lg-3 col-md-4 col-sm-6 col-xs-12\">\n\t\t\t\t\t<div class=\"bf_thumb_box_1 hvr-shadow-radial\">\n\t\t\t\t\t\t<div class=\"bf_title_box_1\">\n\t\t\t\t\t\t\t\t\t\t\t\t\t\t\t<h3 class=\"bf_title_1\">Zkou\u0161ky \u0160ev\u011bt\u00edn 28.9.2024<\/h3>\n\t\t\t\t\t\t\t\t\t\t\t\t\t\t<\/div>\n\t\t\t\t\t\t\t\t\t\t\t\t<div class=\"bf_title_box_2\">\n\t\t\t\t\t\t\t\t\t\t\t\t\t\t\t<div class=\"metaInfo\">\n\t\t\t\t\t\t\t\t\t\t\t\t\t\t\t\t\t\t\t<span><i class=\"fa fa-calendar\"><\/i> 28 z\u00e1\u0159\u00ed, 2024 <\/span>\n\t\t\t\t\t\t\t\t\t\t\t\t\t\t\t\t\t<\/div>\n\t\t\t\t\t\t\t\t\t\t\t\t\t\t\t\t<div class=\"bf_desc_1\">\n\t\t\t\t\t\t\t\t\tv sobotu na Svat\u00e9ho V\u00e1clava jsme s Hopi slo\u017eily na\u0161i prvn\u00ed spole\u010dnou zkou\u0161ku a t\u00edm jsme vsto...\t\t\t\t\t\t\t\t<\/div>\n\t\t\t\t\t\t\t\t\t\t\t\t\t\t\t\t<div class=\"bf_read_more_div_1\">\n\t\t\t\t\t\t\t\t\t<a class=\"snip0047 bf_read_more_1\" href=\"https:\/\/bohemiatopstar.cz\/wpme\/index.php\/2024\/09\/28\/zkousky-sevetin-28-9-2024\/\" target=\"\"><span>V\u00edce<\/span><i class=\"fa fa-link\"><\/i><\/a>\n\t\t\t\t\t\t\t\t<\/div>\n\t\t\t\t\t\t\t\t\t\t\t\t\t\t<\/div>\n\t\t\t\t\t<\/div>\n\t\t\t\t<\/div>\n\t\t\t\t\t\t\t\t<div id=\"bf_1540\" data-category=\"63, 62, 45\" data-sort=\"V\u00fdcvik\" class=\" pfg_theme_1 filtr-item filtr_item_1 single_one col-lg-3 col-md-4 col-sm-6 col-xs-12\">\n\t\t\t\t\t<div class=\"bf_thumb_box_1 hvr-shadow-radial\">\n\t\t\t\t\t\t<div class=\"bf_title_box_1\">\n\t\t\t\t\t\t\t\t\t\t\t\t\t\t\t<h3 class=\"bf_title_1\">V\u00fdcvikov\u00fd v\u00edkend \u0160ev\u011bt\u00edn 30.8. &#8211; 1.9.2021<\/h3>\n\t\t\t\t\t\t\t\t\t\t\t\t\t\t<\/div>\n\t\t\t\t\t\t\t\t\t\t\t\t\t\t\t<figure class=\"snip1550 fit-in-content\" style=\"\">\n\t\t\t\t\t\t\t\t\t\t\t\t\t\t\t\t\t\t\t\t\t<img decoding=\"async\" title=\"457836576_10211333561810249_1378763437782038768_n\" class=\"portfolio_thumbnail\" src=\"https:\/\/bohemiatopstar.cz\/wpme\/wp-content\/uploads\/2024\/09\/457836576_10211333561810249_1378763437782038768_n-1024x682.jpg\" alt=\"457836576_10211333561810249_1378763437782038768_n\">\n\t\t\t\t\t\t\t\t\t\t\t\t\t\t\t\t\t\t\t<\/figure>\n\t\t\t\t\t\t\t\t\t\t\t\t\t\t\t<div class=\"bf_title_box_2\">\n\t\t\t\t\t\t\t\t\t\t\t\t\t\t\t<div class=\"metaInfo\">\n\t\t\t\t\t\t\t\t\t\t\t\t\t\t\t\t\t\t\t<span><i class=\"fa fa-calendar\"><\/i> 8 z\u00e1\u0159\u00ed, 2024 <\/span>\n\t\t\t\t\t\t\t\t\t\t\t\t\t\t\t\t\t<\/div>\n\t\t\t\t\t\t\t\t\t\t\t\t\t\t\t\t<div class=\"bf_desc_1\">\n\t\t\t\t\t\t\t\t\tPosledn\u00ed pr\u00e1zdninov\u00fd v\u00edkend jsme jako tradi\u010dn\u011b tr\u00e1vili na cvi\u010d\u00e1ku v \u0160ev\u011bt\u00edn\u011b.Proto\u017ee m...\t\t\t\t\t\t\t\t<\/div>\n\t\t\t\t\t\t\t\t\t\t\t\t\t\t\t\t<div class=\"bf_read_more_div_1\">\n\t\t\t\t\t\t\t\t\t<a class=\"snip0047 bf_read_more_1\" href=\"https:\/\/bohemiatopstar.cz\/wpme\/index.php\/2024\/09\/08\/vycvikovy-vikend-sevetin-30-8-1-9-2021\/\" target=\"\"><span>V\u00edce<\/span><i class=\"fa fa-link\"><\/i><\/a>\n\t\t\t\t\t\t\t\t<\/div>\n\t\t\t\t\t\t\t\t\t\t\t\t\t\t<\/div>\n\t\t\t\t\t<\/div>\n\t\t\t\t<\/div>\n\t\t\t\t\t\t\t\t<div id=\"bf_1492\" data-category=\"45\" data-sort=\"V\u00fdcvik\" class=\" pfg_theme_1 filtr-item filtr_item_1 single_one col-lg-3 col-md-4 col-sm-6 col-xs-12\">\n\t\t\t\t\t<div class=\"bf_thumb_box_1 hvr-shadow-radial\">\n\t\t\t\t\t\t<div class=\"bf_title_box_1\">\n\t\t\t\t\t\t\t\t\t\t\t\t\t\t\t<h3 class=\"bf_title_1\">V\u00fdcvikov\u00fd v\u00edkend \u0160ev\u011bt\u00edn 31.5.-2.6.2024<\/h3>\n\t\t\t\t\t\t\t\t\t\t\t\t\t\t<\/div>\n\t\t\t\t\t\t\t\t\t\t\t\t\t\t\t<figure class=\"snip1550 fit-in-content\" style=\"\">\n\t\t\t\t\t\t\t\t\t\t\t\t\t\t\t\t\t\t\t\t\t<img decoding=\"async\" title=\"stanov\u00e9 m\u011bste\u010dko\" class=\"portfolio_thumbnail\" src=\"https:\/\/bohemiatopstar.cz\/wpme\/wp-content\/uploads\/2024\/06\/P6010092-1024x768.jpg\" alt=\"stanov\u00e9 m\u011bste\u010dko\">\n\t\t\t\t\t\t\t\t\t\t\t\t\t\t\t\t\t\t\t<\/figure>\n\t\t\t\t\t\t\t\t\t\t\t\t\t\t\t<div class=\"bf_title_box_2\">\n\t\t\t\t\t\t\t\t\t\t\t\t\t\t\t<div class=\"metaInfo\">\n\t\t\t\t\t\t\t\t\t\t\t\t\t\t\t\t\t\t\t<span><i class=\"fa fa-calendar\"><\/i> 2 \u010dervna, 2024 <\/span>\n\t\t\t\t\t\t\t\t\t\t\t\t\t\t\t\t\t<\/div>\n\t\t\t\t\t\t\t\t\t\t\t\t\t\t\t\t<div class=\"bf_desc_1\">\n\t\t\t\t\t\t\t\t\tVe \u010dtvrtek jsme nakoupili, v p\u00e1tek zabalili a vyrazili na n\u00e1\u0161 leto\u0161n\u00ed prvn\u00ed v\u00fdcvikov\u00fd (a pr...\t\t\t\t\t\t\t\t<\/div>\n\t\t\t\t\t\t\t\t\t\t\t\t\t\t\t\t<div class=\"bf_read_more_div_1\">\n\t\t\t\t\t\t\t\t\t<a class=\"snip0047 bf_read_more_1\" href=\"https:\/\/bohemiatopstar.cz\/wpme\/index.php\/2024\/06\/02\/vycvikovy-vikend-sevetin-31-5-2-6-2024\/\" target=\"\"><span>V\u00edce<\/span><i class=\"fa fa-link\"><\/i><\/a>\n\t\t\t\t\t\t\t\t<\/div>\n\t\t\t\t\t\t\t\t\t\t\t\t\t\t<\/div>\n\t\t\t\t\t<\/div>\n\t\t\t\t<\/div>\n\t\t\t\t\t\t\t\t<div id=\"bf_1474\" data-category=\"63, 44\" data-sort=\"V\u00fdstavy\" class=\" pfg_theme_1 filtr-item filtr_item_1 single_one col-lg-3 col-md-4 col-sm-6 col-xs-12\">\n\t\t\t\t\t<div class=\"bf_thumb_box_1 hvr-shadow-radial\">\n\t\t\t\t\t\t<div class=\"bf_title_box_1\">\n\t\t\t\t\t\t\t\t\t\t\t\t\t\t\t<h3 class=\"bf_title_1\">Zbraslav u Brna 4.-5.5.2024<\/h3>\n\t\t\t\t\t\t\t\t\t\t\t\t\t\t<\/div>\n\t\t\t\t\t\t\t\t\t\t\t\t\t\t\t<figure class=\"snip1550 fit-in-content\" style=\"\">\n\t\t\t\t\t\t\t\t\t\t\t\t\t\t\t\t\t\t\t\t\t<img decoding=\"async\" title=\"IMG_20240505_1615172\" class=\"portfolio_thumbnail\" src=\"https:\/\/bohemiatopstar.cz\/wpme\/wp-content\/uploads\/2024\/05\/IMG_20240505_1615172-907x1024.jpg\" alt=\"IMG_20240505_1615172\">\n\t\t\t\t\t\t\t\t\t\t\t\t\t\t\t\t\t\t\t<\/figure>\n\t\t\t\t\t\t\t\t\t\t\t\t\t\t\t<div class=\"bf_title_box_2\">\n\t\t\t\t\t\t\t\t\t\t\t\t\t\t\t<div class=\"metaInfo\">\n\t\t\t\t\t\t\t\t\t\t\t\t\t\t\t\t\t\t\t<span><i class=\"fa fa-calendar\"><\/i> 5 kv\u011btna, 2024 <\/span>\n\t\t\t\t\t\t\t\t\t\t\t\t\t\t\t\t\t<\/div>\n\t\t\t\t\t\t\t\t\t\t\t\t\t\t\t\t<div class=\"bf_desc_1\">\n\t\t\t\t\t\t\t\t\tPrvn\u00ed kv\u011btnov\u00fd v\u00edkend jsme vyrazily s Hopi na &#8220;hol\u010di\u010d\u00ed j\u00edzdu&#8221; do are\u00e1lu MSKS ve...\t\t\t\t\t\t\t\t<\/div>\n\t\t\t\t\t\t\t\t\t\t\t\t\t\t\t\t<div class=\"bf_read_more_div_1\">\n\t\t\t\t\t\t\t\t\t<a class=\"snip0047 bf_read_more_1\" href=\"https:\/\/bohemiatopstar.cz\/wpme\/index.php\/2024\/05\/05\/zbraslav-u-brna-4-5-5-2024\/\" target=\"\"><span>V\u00edce<\/span><i class=\"fa fa-link\"><\/i><\/a>\n\t\t\t\t\t\t\t\t<\/div>\n\t\t\t\t\t\t\t\t\t\t\t\t\t\t<\/div>\n\t\t\t\t\t<\/div>\n\t\t\t\t<\/div>\n\t\t\t\t\t\t\t\t<div id=\"bf_1014\" data-category=\"63, 45\" data-sort=\"V\u00fdcvik\" class=\" pfg_theme_1 filtr-item filtr_item_1 single_one col-lg-3 col-md-4 col-sm-6 col-xs-12\">\n\t\t\t\t\t<div class=\"bf_thumb_box_1 hvr-shadow-radial\">\n\t\t\t\t\t\t<div class=\"bf_title_box_1\">\n\t\t\t\t\t\t\t\t\t\t\t\t\t\t\t<h3 class=\"bf_title_1\">Tr\u00e9nink Borovany 29.12.2023<\/h3>\n\t\t\t\t\t\t\t\t\t\t\t\t\t\t<\/div>\n\t\t\t\t\t\t\t\t\t\t\t\t<div class=\"bf_title_box_2\">\n\t\t\t\t\t\t\t\t\t\t\t\t\t\t\t<div class=\"metaInfo\">\n\t\t\t\t\t\t\t\t\t\t\t\t\t\t\t\t\t\t\t<span><i class=\"fa fa-calendar\"><\/i> 29 prosince, 2023 <\/span>\n\t\t\t\t\t\t\t\t\t\t\t\t\t\t\t\t\t<\/div>\n\t\t\t\t\t\t\t\t\t\t\t\t\t\t\t\t<div class=\"bf_desc_1\">\n\t\t\t\t\t\t\t\t\t...\t\t\t\t\t\t\t\t<\/div>\n\t\t\t\t\t\t\t\t\t\t\t\t\t\t\t\t<div class=\"bf_read_more_div_1\">\n\t\t\t\t\t\t\t\t\t<a class=\"snip0047 bf_read_more_1\" href=\"https:\/\/bohemiatopstar.cz\/wpme\/index.php\/2023\/12\/29\/trenink-borovany-29-12-2023\/\" target=\"\"><span>V\u00edce<\/span><i class=\"fa fa-link\"><\/i><\/a>\n\t\t\t\t\t\t\t\t<\/div>\n\t\t\t\t\t\t\t\t\t\t\t\t\t\t<\/div>\n\t\t\t\t\t<\/div>\n\t\t\t\t<\/div>\n\t\t\t\t\t\t\t\t<div id=\"bf_1022\" data-category=\"63, 45\" data-sort=\"V\u00fdcvik\" class=\" pfg_theme_1 filtr-item filtr_item_1 single_one col-lg-3 col-md-4 col-sm-6 col-xs-12\">\n\t\t\t\t\t<div class=\"bf_thumb_box_1 hvr-shadow-radial\">\n\t\t\t\t\t\t<div class=\"bf_title_box_1\">\n\t\t\t\t\t\t\t\t\t\t\t\t\t\t\t<h3 class=\"bf_title_1\">Tr\u00e9nink Borovany 17.12.2023<\/h3>\n\t\t\t\t\t\t\t\t\t\t\t\t\t\t<\/div>\n\t\t\t\t\t\t\t\t\t\t\t\t<div class=\"bf_title_box_2\">\n\t\t\t\t\t\t\t\t\t\t\t\t\t\t\t<div class=\"metaInfo\">\n\t\t\t\t\t\t\t\t\t\t\t\t\t\t\t\t\t\t\t<span><i class=\"fa fa-calendar\"><\/i> 17 prosince, 2023 <\/span>\n\t\t\t\t\t\t\t\t\t\t\t\t\t\t\t\t\t<\/div>\n\t\t\t\t\t\t\t\t\t\t\t\t\t\t\t\t<div class=\"bf_desc_1\">\n\t\t\t\t\t\t\t\t\t...\t\t\t\t\t\t\t\t<\/div>\n\t\t\t\t\t\t\t\t\t\t\t\t\t\t\t\t<div class=\"bf_read_more_div_1\">\n\t\t\t\t\t\t\t\t\t<a class=\"snip0047 bf_read_more_1\" href=\"https:\/\/bohemiatopstar.cz\/wpme\/index.php\/2023\/12\/17\/trenink-borovany-17-12-2023\/\" target=\"\"><span>V\u00edce<\/span><i class=\"fa fa-link\"><\/i><\/a>\n\t\t\t\t\t\t\t\t<\/div>\n\t\t\t\t\t\t\t\t\t\t\t\t\t\t<\/div>\n\t\t\t\t\t<\/div>\n\t\t\t\t<\/div>\n\t\t\t\t\t\t\t\t<div id=\"bf_1024\" data-category=\"63, 45\" data-sort=\"V\u00fdcvik\" class=\" pfg_theme_1 filtr-item filtr_item_1 single_one col-lg-3 col-md-4 col-sm-6 col-xs-12\">\n\t\t\t\t\t<div class=\"bf_thumb_box_1 hvr-shadow-radial\">\n\t\t\t\t\t\t<div class=\"bf_title_box_1\">\n\t\t\t\t\t\t\t\t\t\t\t\t\t\t\t<h3 class=\"bf_title_1\">Tr\u00e9nink Borovany 3.12.2023<\/h3>\n\t\t\t\t\t\t\t\t\t\t\t\t\t\t<\/div>\n\t\t\t\t\t\t\t\t\t\t\t\t\t\t\t<figure class=\"snip1550 fit-in-content\" style=\"\">\n\t\t\t\t\t\t\t\t\t\t\t\t\t\t\t\t\t\t\t\t\t<img decoding=\"async\" title=\"\" class=\"portfolio_thumbnail\" src=\"https:\/\/bohemiatopstar.cz\/wpme\/wp-content\/uploads\/2024\/01\/409955237-768x1024.jpg\" alt=\"\">\n\t\t\t\t\t\t\t\t\t\t\t\t\t\t\t\t\t\t\t<\/figure>\n\t\t\t\t\t\t\t\t\t\t\t\t\t\t\t<div class=\"bf_title_box_2\">\n\t\t\t\t\t\t\t\t\t\t\t\t\t\t\t<div class=\"metaInfo\">\n\t\t\t\t\t\t\t\t\t\t\t\t\t\t\t\t\t\t\t<span><i class=\"fa fa-calendar\"><\/i> 3 prosince, 2023 <\/span>\n\t\t\t\t\t\t\t\t\t\t\t\t\t\t\t\t\t<\/div>\n\t\t\t\t\t\t\t\t\t\t\t\t\t\t\t\t<div class=\"bf_desc_1\">\n\t\t\t\t\t\t\t\t\t...\t\t\t\t\t\t\t\t<\/div>\n\t\t\t\t\t\t\t\t\t\t\t\t\t\t\t\t<div class=\"bf_read_more_div_1\">\n\t\t\t\t\t\t\t\t\t<a class=\"snip0047 bf_read_more_1\" href=\"https:\/\/bohemiatopstar.cz\/wpme\/index.php\/2023\/12\/03\/trenink-borovany-3-12-2023\/\" target=\"\"><span>V\u00edce<\/span><i class=\"fa fa-link\"><\/i><\/a>\n\t\t\t\t\t\t\t\t<\/div>\n\t\t\t\t\t\t\t\t\t\t\t\t\t\t<\/div>\n\t\t\t\t\t<\/div>\n\t\t\t\t<\/div>\n\t\t\t\t\t\t\t\t<div id=\"bf_1075\" data-category=\"64\" data-sort=\"\u017divot se psem\" class=\" pfg_theme_1 filtr-item filtr_item_1 single_one col-lg-3 col-md-4 col-sm-6 col-xs-12\">\n\t\t\t\t\t<div class=\"bf_thumb_box_1 hvr-shadow-radial\">\n\t\t\t\t\t\t<div class=\"bf_title_box_1\">\n\t\t\t\t\t\t\t\t\t\t\t\t\t\t\t<h3 class=\"bf_title_1\">Silvestrovsk\u00e1 vych\u00e1zka kolem Brani\u0161ova 31.12.2022<\/h3>\n\t\t\t\t\t\t\t\t\t\t\t\t\t\t<\/div>\n\t\t\t\t\t\t\t\t\t\t\t\t\t\t\t<figure class=\"snip1550 fit-in-content\" style=\"\">\n\t\t\t\t\t\t\t\t\t\t\t\t\t\t\t\t\t\t\t\t\t<img decoding=\"async\" title=\"323320391\" class=\"portfolio_thumbnail\" src=\"https:\/\/bohemiatopstar.cz\/wpme\/wp-content\/uploads\/2024\/01\/323320391-766x1024.jpg\" alt=\"323320391\">\n\t\t\t\t\t\t\t\t\t\t\t\t\t\t\t\t\t\t\t<\/figure>\n\t\t\t\t\t\t\t\t\t\t\t\t\t\t\t<div class=\"bf_title_box_2\">\n\t\t\t\t\t\t\t\t\t\t\t\t\t\t\t<div class=\"metaInfo\">\n\t\t\t\t\t\t\t\t\t\t\t\t\t\t\t\t\t\t\t<span><i class=\"fa fa-calendar\"><\/i> 31 prosince, 2022 <\/span>\n\t\t\t\t\t\t\t\t\t\t\t\t\t\t\t\t\t<\/div>\n\t\t\t\t\t\t\t\t\t\t\t\t\t\t\t\t<div class=\"bf_desc_1\">\n\t\t\t\t\t\t\t\t\t...\t\t\t\t\t\t\t\t<\/div>\n\t\t\t\t\t\t\t\t\t\t\t\t\t\t\t\t<div class=\"bf_read_more_div_1\">\n\t\t\t\t\t\t\t\t\t<a class=\"snip0047 bf_read_more_1\" href=\"https:\/\/bohemiatopstar.cz\/wpme\/index.php\/2022\/12\/31\/silvestrovska-vychazka-kolem-branisova-31-12-2022\/\" target=\"\"><span>V\u00edce<\/span><i class=\"fa fa-link\"><\/i><\/a>\n\t\t\t\t\t\t\t\t<\/div>\n\t\t\t\t\t\t\t\t\t\t\t\t\t\t<\/div>\n\t\t\t\t\t<\/div>\n\t\t\t\t<\/div>\n\t\t\t\t\t\t<\/div>\n\t\t<div class=\"loader\"><\/div>\n\t\t<div style=\"text-align: center; \" class=\"pagination1 font-alt col-lg-12 col-md-12 col-sm-12\">\n\t\t\t\n\t<nav class=\"navigation pagination\" aria-label=\"P\u0159\u00edsp\u011bvky\">\n\t\t<h2 class=\"screen-reader-text\">Navigace pro p\u0159\u00edsp\u011bvky<\/h2>\n\t\t<div class=\"nav-links\"><span aria-current=\"page\" class=\"page-numbers current\">1<\/span>\n<a class=\"page-numbers\" href=\"https:\/\/bohemiatopstar.cz\/wpme\/index.php\/wp-json\/wp\/v2\/pages\/1097\/page\/2\/\">2<\/a>\n<a class=\"page-numbers\" href=\"https:\/\/bohemiatopstar.cz\/wpme\/index.php\/wp-json\/wp\/v2\/pages\/1097\/page\/3\/\">3<\/a>\n<a class=\"page-numbers\" href=\"https:\/\/bohemiatopstar.cz\/wpme\/index.php\/wp-json\/wp\/v2\/pages\/1097\/page\/4\/\">4<\/a>\n<a class=\"next page-numbers\" href=\"https:\/\/bohemiatopstar.cz\/wpme\/index.php\/wp-json\/wp\/v2\/pages\/1097\/page\/2\/\"><i class=\"fa fa-caret-right\"><\/i><\/a><\/div>\n\t<\/nav>\t\t<\/div>\n\t<\/div>\n\t<script>\n\t\t\n\tsetTimeout(function () {\n\t\tjQuery(\".portfolio_thumbnail\").each(function(){\n\t\t\t\/\/ console.log(jQuery(this).width() + \"x\" + jQuery(this).height())\n\t\t\tvar h = jQuery(this).height();\n\t\t\tvar w = jQuery(this).width();\n\t\t\tjQuery(this).height(h);\n\t\t\tjQuery(this).width(w);\n\t\t\tjQuery(this).resize();\n\t\t});\n\t}, 2500);\n\t\n\tjQuery( window ).load(function() {\n\t\tvar first_active_filter = jQuery( \".simplefilter li:first-child\" ).val();\n\t\t\/\/ Animate loader off screen.\n\t\tjQuery(\".loader\").hide();\n\t\tjQuery(\"#bf_gallery_1\").css(\"opacity\", 1);\n\t\t\/\/Filterizd Default options.\n\t\toptions = {\n\t\t\tanimationDuration: 0.5,\n\t\t\tcallbacks: {\n\t\t\t\tonFilteringStart: function() { },\n\t\t\t\tonFilteringEnd: function() { },\n\t\t\t\tonShufflingStart: function() { },\n\t\t\t\tonShufflingEnd: function() { },\n\t\t\t\tonSortingStart: function() { },\n\t\t\t\tonSortingEnd: function() { }\n\t\t\t},\n\t\t\tfilter: \"all\",\n\t\t\tlayout: 'sameWidth',\n\t\t\tselector: '#bf_gallery_1',\n\t\t\tsetupControls: true\n\t\t}\n\t\tvar filterizd = jQuery('#bf_gallery_1').filterizr(options);\n\t\tjQuery('#bf_gallery_1').imagesLoaded( function() {\n\t\t\t\/\/ images have already loaded, instantiate Filterizr.\n\t\t\tjQuery('#bf_gallery_1').filterizr(options);\n\t\t}); \n\t});\n\n\t\/\/Pagination class add and active class add.\n\tjQuery(document).ready(function(){\n\t\tjQuery( \"ul.page-numbers\" ).addClass( \"pagination mrgt-0\" );\n\t\t\n\t\t\/\/new code added On Focus.\n\t\tjQuery(\"a.page-numbers\").each(function() {\n\t\t  var $this = jQuery(this);      \n\t\t  var _href = $this.attr(\"href\");\n\t\t  $this.attr(\"href\", _href + '?#bf_gallery_1');\n\t\t});\n\t});\n\t<\/script>\n\n","protected":false},"excerpt":{"rendered":"","protected":false},"author":1,"featured_media":0,"parent":0,"menu_order":0,"comment_status":"closed","ping_status":"closed","template":"","meta":{"pgc_sgb_lightbox_settings":"","footnotes":""},"_links":{"self":[{"href":"https:\/\/bohemiatopstar.cz\/wpme\/index.php\/wp-json\/wp\/v2\/pages\/1097"}],"collection":[{"href":"https:\/\/bohemiatopstar.cz\/wpme\/index.php\/wp-json\/wp\/v2\/pages"}],"about":[{"href":"https:\/\/bohemiatopstar.cz\/wpme\/index.php\/wp-json\/wp\/v2\/types\/page"}],"author":[{"embeddable":true,"href":"https:\/\/bohemiatopstar.cz\/wpme\/index.php\/wp-json\/wp\/v2\/users\/1"}],"replies":[{"embeddable":true,"href":"https:\/\/bohemiatopstar.cz\/wpme\/index.php\/wp-json\/wp\/v2\/comments?post=1097"}],"version-history":[{"count":12,"href":"https:\/\/bohemiatopstar.cz\/wpme\/index.php\/wp-json\/wp\/v2\/pages\/1097\/revisions"}],"predecessor-version":[{"id":1112,"href":"https:\/\/bohemiatopstar.cz\/wpme\/index.php\/wp-json\/wp\/v2\/pages\/1097\/revisions\/1112"}],"wp:attachment":[{"href":"https:\/\/bohemiatopstar.cz\/wpme\/index.php\/wp-json\/wp\/v2\/media?parent=1097"}],"curies":[{"name":"wp","href":"https:\/\/api.w.org\/{rel}","templated":true}]}}