{"id":1599,"date":"2025-04-27T20:18:43","date_gmt":"2025-04-27T18:18:43","guid":{"rendered":"https:\/\/bohemiatopstar.cz\/wpme\/?page_id=1599"},"modified":"2026-03-17T19:55:28","modified_gmt":"2026-03-17T18:55:28","slug":"drakula-z-libejovickeho-parku","status":"publish","type":"page","link":"https:\/\/bohemiatopstar.cz\/wpme\/index.php\/drakula-z-libejovickeho-parku\/","title":{"rendered":"Dr\u00e1kula z Lib\u011bjovick\u00e9ho parku"},"content":{"rendered":"\n<h2 class=\"wp-block-heading\">Dr\u00e1kula z Lib\u011bjovick\u00e9ho parku<\/h2>\n\n\n\n<figure data-wp-context=\"{ &quot;core&quot;:\n\t\t\t\t{ &quot;image&quot;:\n\t\t\t\t\t{   &quot;imageLoaded&quot;: false,\n\t\t\t\t\t\t&quot;initialized&quot;: false,\n\t\t\t\t\t\t&quot;lightboxEnabled&quot;: false,\n\t\t\t\t\t\t&quot;hideAnimationEnabled&quot;: false,\n\t\t\t\t\t\t&quot;preloadInitialized&quot;: false,\n\t\t\t\t\t\t&quot;lightboxAnimation&quot;: &quot;zoom&quot;,\n\t\t\t\t\t\t&quot;imageUploadedSrc&quot;: &quot;https:\/\/bohemiatopstar.cz\/wpme\/wp-content\/uploads\/2026\/03\/IMG_20260308_161131-scaled.jpg&quot;,\n\t\t\t\t\t\t&quot;imageCurrentSrc&quot;: &quot;&quot;,\n\t\t\t\t\t\t&quot;targetWidth&quot;: &quot;2560&quot;,\n\t\t\t\t\t\t&quot;targetHeight&quot;: &quot;1764&quot;,\n\t\t\t\t\t\t&quot;scaleAttr&quot;: &quot;&quot;,\n\t\t\t\t\t\t&quot;dialogLabel&quot;: &quot;Zv\u011bt\u0161en\u00fd obr\u00e1zek&quot;\n\t\t\t\t\t}\n\t\t\t\t}\n\t\t\t}\" data-wp-interactive class=\"wp-block-image size-large wp-lightbox-container\"><img decoding=\"async\" width=\"1024\" height=\"705\" data-wp-effect--setStylesOnResize=\"effects.core.image.setStylesOnResize\" data-wp-effect=\"effects.core.image.setButtonStyles\" data-wp-init=\"effects.core.image.initOriginImage\" data-wp-on--click=\"actions.core.image.showLightbox\" data-wp-on--load=\"actions.core.image.handleLoad\" src=\"https:\/\/bohemiatopstar.cz\/wpme\/wp-content\/uploads\/2026\/03\/IMG_20260308_161131-1024x705.jpg\" alt=\"\" class=\"wp-image-1723\" srcset=\"https:\/\/bohemiatopstar.cz\/wpme\/wp-content\/uploads\/2026\/03\/IMG_20260308_161131-1024x705.jpg 1024w, https:\/\/bohemiatopstar.cz\/wpme\/wp-content\/uploads\/2026\/03\/IMG_20260308_161131-300x207.jpg 300w, https:\/\/bohemiatopstar.cz\/wpme\/wp-content\/uploads\/2026\/03\/IMG_20260308_161131-768x529.jpg 768w, https:\/\/bohemiatopstar.cz\/wpme\/wp-content\/uploads\/2026\/03\/IMG_20260308_161131-1536x1058.jpg 1536w, https:\/\/bohemiatopstar.cz\/wpme\/wp-content\/uploads\/2026\/03\/IMG_20260308_161131-2048x1411.jpg 2048w\" sizes=\"(max-width: 1024px) 100vw, 1024px\" \/><button\n\t\t\tclass=\"lightbox-trigger\"\n\t\t\ttype=\"button\"\n\t\t\taria-haspopup=\"dialog\"\n\t\t\taria-label=\"Zv\u011bt\u0161it obr\u00e1zek\"\n\t\t\tdata-wp-on--click=\"actions.core.image.showLightbox\"\n\t\t\tdata-wp-style--right=\"context.core.image.imageButtonRight\"\n\t\t\tdata-wp-style--top=\"context.core.image.imageButtonTop\"\n\t\t>\n\t\t\t<svg xmlns=\"http:\/\/www.w3.org\/2000\/svg\" width=\"12\" height=\"12\" fill=\"none\" viewBox=\"0 0 12 12\">\n\t\t\t\t<path fill=\"#fff\" d=\"M2 0a2 2 0 0 0-2 2v2h1.5V2a.5.5 0 0 1 .5-.5h2V0H2Zm2 10.5H2a.5.5 0 0 1-.5-.5V8H0v2a2 2 0 0 0 2 2h2v-1.5ZM8 12v-1.5h2a.5.5 0 0 0 .5-.5V8H12v2a2 2 0 0 1-2 2H8Zm2-12a2 2 0 0 1 2 2v2h-1.5V2a.5.5 0 0 0-.5-.5H8V0h2Z\" \/>\n\t\t\t<\/svg>\n\t\t<\/button>        <div data-wp-body=\"\" class=\"wp-lightbox-overlay zoom\"\n            data-wp-bind--role=\"selectors.core.image.roleAttribute\"\n            data-wp-bind--aria-label=\"selectors.core.image.dialogLabel\"\n            data-wp-class--initialized=\"context.core.image.initialized\"\n            data-wp-class--active=\"context.core.image.lightboxEnabled\"\n            data-wp-class--hideAnimationEnabled=\"context.core.image.hideAnimationEnabled\"\n            data-wp-bind--aria-modal=\"selectors.core.image.ariaModal\"\n            data-wp-effect=\"effects.core.image.initLightbox\"\n            data-wp-on--keydown=\"actions.core.image.handleKeydown\"\n            data-wp-on--touchstart=\"actions.core.image.handleTouchStart\"\n            data-wp-on--touchmove=\"actions.core.image.handleTouchMove\"\n            data-wp-on--touchend=\"actions.core.image.handleTouchEnd\"\n            data-wp-on--click=\"actions.core.image.hideLightbox\"\n            tabindex=\"-1\"\n            >\n                <button type=\"button\" aria-label=\"Zav\u0159\u00edt\" style=\"fill: #000\" class=\"close-button\" data-wp-on--click=\"actions.core.image.hideLightbox\">\n                    <svg xmlns=\"http:\/\/www.w3.org\/2000\/svg\" viewBox=\"0 0 24 24\" width=\"20\" height=\"20\" aria-hidden=\"true\" focusable=\"false\"><path d=\"M13 11.8l6.1-6.3-1-1-6.1 6.2-6.1-6.2-1 1 6.1 6.3-6.5 6.7 1 1 6.5-6.6 6.5 6.6 1-1z\"><\/path><\/svg>\n                <\/button>\n                <div class=\"lightbox-image-container\">\n<figure class=\"wp-block-image size-large responsive-image\"><img decoding=\"async\" data-wp-bind--src=\"context.core.image.imageCurrentSrc\" data-wp-style--object-fit=\"selectors.core.image.lightboxObjectFit\" src=\"\" alt=\"\" class=\"wp-image-1723\"\/><\/figure>\n<\/div>\n                <div class=\"lightbox-image-container\">\n<figure class=\"wp-block-image size-large enlarged-image\"><img decoding=\"async\" data-wp-bind--src=\"selectors.core.image.enlargedImgSrc\" data-wp-style--object-fit=\"selectors.core.image.lightboxObjectFit\" src=\"\" alt=\"\" class=\"wp-image-1723\"\/><\/figure>\n<\/div>\n                <div class=\"scrim\" style=\"background-color: #fff\" aria-hidden=\"true\"><\/div>\n        <\/div><\/figure>\n\n\n\n<figure class=\"wp-block-table is-style-stripes\"><table><tbody><tr><td><strong>Datum narozen\u00ed:&nbsp;<\/strong>22.2.2025<\/td><td rowspan=\"8\"><a href=\"file:\/\/\/Users\/martina\/WP\/hueman\/assets\/front\/css\/storage\/IMG_3689.jpg\"><\/a><\/td><\/tr><tr><td><strong>\u010c\u00edslo z\u00e1pisu:&nbsp;<\/strong>CMKU\/KV\/8830\/25<\/td><\/tr><tr><td><strong>Bonitace:&nbsp;<\/strong><\/td><\/tr><tr><td><strong>DKK:&nbsp;<\/strong><\/td><\/tr><tr><td><strong>Chovatel:&nbsp;<\/strong>Karel Kieweg, Lib\u011bjovice<\/td><\/tr><tr><td><strong>Majitel:&nbsp;<\/strong>Ji\u0159\u00ed Kozel<\/td><\/tr><tr><td><strong>Adresa:&nbsp;<\/strong>\u010c\u00e9\u010dova 53, 37004 \u010cesk\u00e9 Bud\u011bjovice<\/td><\/tr><tr><td><strong>www:&nbsp;<\/strong><\/td><\/tr><tr><td colspan=\"2\"><strong>V\u00fdstavy:<\/strong><\/td><\/tr><tr><td colspan=\"2\"><strong>Zkou\u0161ky, z\u00e1vody: <\/strong><\/td><\/tr><\/tbody><\/table><\/figure>\n\n\n\n<p id=\"block-f99e2265-2370-4e22-b620-1db974348a95\"><strong>RODOKMEN \/ PEDIGREE&nbsp;<\/strong><\/p>\n\n\n\n<figure class=\"wp-block-table\"><table><tbody><tr><td rowspan=\"4\"><a href=\"https:\/\/www.kchk.cz\/detail-psa\/7989\" target=\"_blank\" rel=\"noreferrer noopener\">Frederick von Blackmoore<\/a><br>CMKU\/KV\/8152<\/td><td rowspan=\"2\"><a href=\"https:\/\/www.kchk.cz\/detail-psa\/6894\" target=\"_blank\" rel=\"noreferrer noopener\">Maigret Radinie<\/a><br>CMKU\/KV\/7057<\/td><td><a href=\"https:\/\/www.kchk.cz\/detail-psa\/10295\" target=\"_blank\" rel=\"noreferrer noopener\">Bodo vom Hexenwald<\/a><br>VDH09RS61008761<\/td><\/tr><tr><td><a href=\"https:\/\/www.kchk.cz\/detail-psa\/10320\" target=\"_blank\" rel=\"noreferrer noopener\">Alice vom Hexenwald<\/a><br>VDH09RS61008759<\/td><\/tr><tr><td rowspan=\"2\"><a href=\"https:\/\/www.kchk.cz\/detail-psa\/10327\" target=\"_blank\" rel=\"noreferrer noopener\">Ajuuca von Blackmoore<\/a><br>VDHRS61016664<\/td><td><a href=\"https:\/\/www.kchk.cz\/detail-psa\/7308\" target=\"_blank\" rel=\"noreferrer noopener\">Uno Nicolas Radinie<\/a><br>CMKU\/KV\/7471<\/td><\/tr><tr><td><a href=\"https:\/\/www.kchk.cz\/detail-psa\/10694\" target=\"_blank\" rel=\"noreferrer noopener\">Pearl in Black von Blackmoore<\/a><br>VDH13RS61012763<\/td><\/tr><tr><td rowspan=\"4\"><a href=\"https:\/\/www.kchk.cz\/detail-psa\/7681\" target=\"_blank\" rel=\"noreferrer noopener\">Noire Nemesis Hanno Veto<\/a><br>CMKU\/KV\/7844<\/td><td rowspan=\"2\"><a href=\"https:\/\/www.kchk.cz\/detail-psa\/10331\" target=\"_blank\" rel=\"noreferrer noopener\">Ehdu von der Herrenwiese<\/a><br>VDH12RS61211816<\/td><td><a href=\"https:\/\/www.kchk.cz\/detail-psa\/10696\" target=\"_blank\" rel=\"noreferrer noopener\">Timo von Elberfeld<\/a><br>VDH04RS61002850<\/td><\/tr><tr><td><a href=\"https:\/\/www.kchk.cz\/detail-psa\/10697\" target=\"_blank\" rel=\"noreferrer noopener\">Coco von der Herrenwiese<\/a><br>VDH05RS61004304<\/td><\/tr><tr><td rowspan=\"2\"><a href=\"https:\/\/www.kchk.cz\/detail-psa\/9935\" target=\"_blank\" rel=\"noreferrer noopener\">Zenta Hanno Veto<\/a><br>CMKU\/KV\/6369<\/td><td><a href=\"https:\/\/www.kchk.cz\/detail-psa\/10341\" target=\"_blank\" rel=\"noreferrer noopener\">Xelo von der Villa Klara<\/a><br>VDH09RS 61U00066<\/td><\/tr><tr><td><a href=\"https:\/\/www.kchk.cz\/detail-psa\/9324\" target=\"_blank\" rel=\"noreferrer noopener\">Woo Doo Hanno Veto<\/a><br>CMKU\/KV\/5733<\/td><\/tr><\/tbody><\/table><\/figure>\n","protected":false},"excerpt":{"rendered":"<p>Dr\u00e1kula z Lib\u011bjovick\u00e9ho parku Datum narozen\u00ed:&nbsp;22.2.2025 \u010c\u00edslo z\u00e1pisu:&nbsp;CMKU\/KV\/8830\/25 Bonitace:&nbsp; DKK:&nbsp; Chovatel:&nbsp;Karel Kieweg, Lib\u011bjovice Majitel:&nbsp;Ji\u0159\u00ed Kozel Adresa:&nbsp;\u010c\u00e9\u010dova 53, 37004 \u010cesk\u00e9 Bud\u011bjovice www:&nbsp; V\u00fdstavy: Zkou\u0161ky, z\u00e1vody: RODOKMEN \/ PEDIGREE&nbsp; Frederick von BlackmooreCMKU\/KV\/8152 Maigret RadinieCMKU\/KV\/7057 Bodo vom HexenwaldVDH09RS61008761 Alice vom HexenwaldVDH09RS61008759 Ajuuca von BlackmooreVDHRS61016664 Uno Nicolas RadinieCMKU\/KV\/7471 Pearl in Black von BlackmooreVDH13RS61012763 Noire Nemesis Hanno VetoCMKU\/KV\/7844 Ehdu von [&hellip;]<\/p>\n","protected":false},"author":1,"featured_media":0,"parent":0,"menu_order":0,"comment_status":"closed","ping_status":"closed","template":"","meta":{"pgc_sgb_lightbox_settings":"","footnotes":""},"_links":{"self":[{"href":"https:\/\/bohemiatopstar.cz\/wpme\/index.php\/wp-json\/wp\/v2\/pages\/1599"}],"collection":[{"href":"https:\/\/bohemiatopstar.cz\/wpme\/index.php\/wp-json\/wp\/v2\/pages"}],"about":[{"href":"https:\/\/bohemiatopstar.cz\/wpme\/index.php\/wp-json\/wp\/v2\/types\/page"}],"author":[{"embeddable":true,"href":"https:\/\/bohemiatopstar.cz\/wpme\/index.php\/wp-json\/wp\/v2\/users\/1"}],"replies":[{"embeddable":true,"href":"https:\/\/bohemiatopstar.cz\/wpme\/index.php\/wp-json\/wp\/v2\/comments?post=1599"}],"version-history":[{"count":7,"href":"https:\/\/bohemiatopstar.cz\/wpme\/index.php\/wp-json\/wp\/v2\/pages\/1599\/revisions"}],"predecessor-version":[{"id":1725,"href":"https:\/\/bohemiatopstar.cz\/wpme\/index.php\/wp-json\/wp\/v2\/pages\/1599\/revisions\/1725"}],"wp:attachment":[{"href":"https:\/\/bohemiatopstar.cz\/wpme\/index.php\/wp-json\/wp\/v2\/media?parent=1599"}],"curies":[{"name":"wp","href":"https:\/\/api.w.org\/{rel}","templated":true}]}}