{"id":698,"date":"2024-01-13T10:04:50","date_gmt":"2024-01-13T09:04:50","guid":{"rendered":"https:\/\/bohemiatopstar.cz\/wpme\/?page_id=698"},"modified":"2024-01-13T10:05:08","modified_gmt":"2024-01-13T09:05:08","slug":"o-nas","status":"publish","type":"page","link":"https:\/\/bohemiatopstar.cz\/wpme\/index.php\/o-nas\/","title":{"rendered":"O n\u00e1s"},"content":{"rendered":"\n<p>Jmenuji se&nbsp;<strong>Martina Zaj\u00ed\u010dkov\u00e1.&nbsp;<\/strong><br>Se sv\u00fdmi kn\u00edra\u010di \u017eiji v mal\u00e9 vesni\u010dce na jihu \u010cech nedaleko \u010cesk\u00fdch Bud\u011bjovic &#8211;&nbsp;<strong>Brani\u0161ov\u011b.&nbsp;<\/strong><br>Kn\u00edra\u010di se stali m\u00fdm osudem &#8211; jsou temperamentn\u00ed, vyrovnan\u00ed, st\u00e1le dob\u0159e nalo\u017een\u00ed.&nbsp;<br>Jsou to velmi siln\u00e9 osobnosti, st\u00e1le se sna\u017e\u00edc\u00ed zaujmout pozici &#8220;partnera&#8221;. D\u00edky tomu s nimi denn\u011b pro\u017e\u00edv\u00e1me \u0159adu komick\u00fdch situac\u00ed, mnohdy spadaj\u00edc\u00edch sp\u00ed\u0161e do oblasti &#8220;\u010dern\u00e9ho&#8221; humoru.&nbsp;<br>Na\u0161e vousat\u00e1 rodinka moment\u00e1ln\u011b \u010d\u00edt\u00e1 &#8211;&nbsp;<strong>dv\u011b fenky a pejska st\u0159edn\u00edho pep\u0159 a s\u016fl &#8230; taky erdela Sonyho, a za\u010d\u00e1tkem l\u00e9ta&nbsp;2016 p\u0159ibyla i velk\u00e1 \u010dern\u00e1 kn\u00edra\u010dka Nora.&nbsp;<\/strong><\/p>\n\n\n\n<figure class=\"wp-block-gallery has-nested-images columns-default is-cropped wp-block-gallery-1 is-layout-flex wp-block-gallery-is-layout-flex\">\n<figure class=\"wp-block-image size-large\"><img decoding=\"async\" width=\"1024\" height=\"768\" data-id=\"604\" src=\"https:\/\/bohemiatopstar.cz\/wpme\/wp-content\/uploads\/2024\/01\/P5010780-1024x768.jpg\" alt=\"\" class=\"wp-image-604\" srcset=\"https:\/\/bohemiatopstar.cz\/wpme\/wp-content\/uploads\/2024\/01\/P5010780-1024x768.jpg 1024w, https:\/\/bohemiatopstar.cz\/wpme\/wp-content\/uploads\/2024\/01\/P5010780-300x225.jpg 300w, https:\/\/bohemiatopstar.cz\/wpme\/wp-content\/uploads\/2024\/01\/P5010780-768x576.jpg 768w, https:\/\/bohemiatopstar.cz\/wpme\/wp-content\/uploads\/2024\/01\/P5010780.jpg 1200w\" sizes=\"(max-width: 1024px) 100vw, 1024px\" \/><figcaption class=\"wp-element-caption\">OLYMPUS DIGITAL CAMERA<\/figcaption><\/figure>\n<\/figure>\n\n\n\n<p><em>Sestava v kv\u011btnu 2017: s p\u00e1n\u00edkem zleva&nbsp;Dangle Dolly BTS, Larson Loyd Adia Avi, Ella Gracia BTS, Notabene Noir Goldest Danubius, Dr. Pepper BTS :o))&nbsp;<\/em><em>Tak to jsou oni, v\u0161ichni moji bl\u00edzc\u00ed ;o)&nbsp;<\/em><\/p>\n\n\n\n<p>Svou prvn\u00ed fenku&nbsp;<strong>Betynku&nbsp;<\/strong>, pozd\u011bji &#8220;v\u016fdkyni sme\u010dky&#8221;, ov\u011bn\u010denou mnoha v\u00fdstavn\u00edmi tituly, jsem zcela nepl\u00e1novan\u011b z\u00edskala v roce&nbsp;<strong>1992&nbsp;<\/strong>.&nbsp;<br>Bylo to \u0161t\u011bn\u011b vr\u00e1cen\u00e9 chovatelce pro &#8220;nevyhovuj\u00edc\u00ed povahu&#8221;. Proto\u017ee ji\u017e pro ni jinde nebylo m\u00edsto, tr\u00e1vila asi dva m\u011bs\u00edce p\u0159ev\u00e1\u017en\u011b zav\u0159en\u00e1 v koupeln\u011b. Potom p\u0159i\u0161la ve sv\u00fdch dev\u00edti m\u011bs\u00edc\u00edch k n\u00e1m. Bohu\u017eel, \u00fazkost z mal\u00fdch st\u00edsn\u011bn\u00fdch prostor se u n\u00ed projevovala velmi dlouho. V mal\u00e9m uzav\u0159en\u00e9m prostoru se nec\u00edtila dob\u0159e nikdy. (Naopak v m\u00e9 posteli se c\u00edtila v\u00fdborn\u011b.)&nbsp;<br>S Betynkou jsem z\u00edsk\u00e1vala sv\u00e9 prvn\u00ed vystavovatelsk\u00e9 a pozd\u011bji upravovatelsk\u00e9 zku\u0161enosti. Betynku jsem m\u011bla do listopadu 2003.&nbsp;<br>Kdy\u017e jsme se koncem roku&nbsp;<strong>1995&nbsp;<\/strong>\u00fa\u010dastnily v\u00fdstavy v Plzni, nikoho by nenapadlo, \u017ee dom\u016f se budeme vracet t\u0159i. Monika Jur\u010dovsk\u00e1, majitelka chovatelsk\u00e9 stanice &#8220;ze Z\u00e1hrabsk\u00e9&#8221;, mi rafinovan\u011b p\u0159ivezla uk\u00e1zat \u0161t\u011bn\u011b. Jiste pochop\u00edte, \u017ee p\u0159i pohledu na tu malou chlupatou kuli\u010dku nebylo mo\u017en\u00e9 odolat.&nbsp;&gt;&nbsp;<\/p>\n\n\n\n<p>A tak k n\u00e1m p\u0159i\u0161la&nbsp;<strong>T\u00fdna.&nbsp;<\/strong><br>Nikdo z n\u00e1s netu\u0161il, jak\u00fd ni\u010div\u00fd potenci\u00e1l se v tom mal\u00e9m stvo\u0159en\u00ed skr\u00fdv\u00e1. Marn\u011b jsem se sna\u017eila pomoc\u00ed r\u016fzn\u00fdch ps\u00edch hra\u010dek odpoutat jej\u00ed pozornost od za\u0159\u00edzen\u00ed bytu. N\u00e1vraty ze zam\u011bstn\u00e1n\u00ed se pozvolna st\u00e1valy mou &#8220;no\u010dn\u00ed m\u016frou&#8221;. Poka\u017ed\u00e9 p\u0159ekvapila n\u011b\u010d\u00edm nov\u00fdm. Mezi jej\u00ed nejslavn\u011bj\u0161\u00ed kousky pat\u0159il m\u00f3dn\u00ed potisk se vzorem ps\u00edch tlapek, kter\u00fd vytvo\u0159ila na b\u00edl\u00fdch ko\u017ee\u0161inov\u00fdch potaz\u00edch pot\u00e9, co se j\u00ed karm\u00ednov\u011b \u010derven\u00e1 tempera z prokousnut\u00e9 tuby dostala na tlapky. Ve sv\u00fdch dvou letech se navenek zklidnila. Situace v\u0161ak byla takov\u00e1, \u017ee v na\u0161em &#8220;holobyt\u011b&#8221; ji\u017e zkr\u00e1tka nebylo co zni\u010dit. Sv\u00e9 lump\u00e1rny T\u00fdna v\u017edy vyrovn\u00e1vala bezprost\u0159ednost\u00ed a milou povahou.&nbsp;<\/p>\n\n\n\n<p>Na podzim roku&nbsp;<strong>1997&nbsp;<\/strong>jsme se od Betynky do\u010dkali vytou\u017een\u00fdch \u0161t\u011b\u0148\u00e1tek.&nbsp;<br>S posledn\u00edm pejskem, pro kter\u00e9ho se n\u00e1m poda\u0159ilo naj\u00edt majitele a\u017e v 5-ti m\u011bs\u00edc\u00edch, jsme se jen t\u011b\u017eko lou\u010dili. To jsme ov\u0161em netu\u0161ili, jak rychle se k n\u00e1m&nbsp;<strong>Anger&nbsp;<\/strong>vr\u00e1t\u00ed. Druh\u00fd den jsem se dozv\u011bd\u011bli, \u017ee pejsek nov\u00fdm majitel\u016fm utekl a skr\u00fdv\u00e1 se v lese kdesi v Jesen\u00edk\u00e1ch. N\u00e1sledovala 400 kilometr\u016f dlouh\u00e1 cesta, na jej\u00edm\u017e konci \u010dekal n\u00e1\u0161 pejsek. Ano &#8211; &#8220;n\u00e1\u0161&#8221;. Po v\u0161ech t\u011bch pro\u017eit\u00fdch \u00fatrap\u00e1ch (jeho i na\u0161ich) nebylo mo\u017en\u00e9 vr\u00e1tit se dom\u016f bez n\u011bho. Co se stalo, \u017ee se mal\u00e9 \u0161t\u011bn\u011b rozhodlo opustit bezpe\u010d\u00ed a teplo lidsk\u00e9 ruky a rad\u011bji volilo hlad a samotu lesa, to se ji\u017e nedozv\u00edme. Jen jsme se sna\u017eili, aby se s na\u0161\u00ed pomoc\u00ed se Angiemu poda\u0159ilo s n\u00e1sledky sv\u00e9ho &#8220;v\u00fdletu&#8221; \u010dasem vyrovnat.&nbsp;<\/p>\n\n\n\n<p>V \u0159\u00edjnu roku&nbsp;<strong>1999&nbsp;<\/strong>odl\u00e9tali zn\u00e1m\u00ed do Ameriky.&nbsp;<br>Tehdy vyvstala ot\u00e1zka vpravd\u011b Nerudovsk\u00e1: &#8220;Kam s n\u00edm?&#8221; T\u00edm probl\u00e9mem byl dvoulet\u00fd jezev\u010d\u00edk. N\u011bjak jsem se nemohla sm\u00ed\u0159it s kone\u010dn\u00fdm verdiktem, kter\u00fd zn\u011bl: utratit (jinde by si pr\u00fd nezvykl). A tak se&nbsp;<strong>Alfons&nbsp;<\/strong>&#8211; toho \u010dasu &#8220;bezdomovec&#8221;, ocitl u n\u00e1s. Je pravda, \u017ee asi 15 minut tesknil za dv\u011b\u0159mi. Ale ve vesel\u00e9 spole\u010dnosti t\u0159\u00ed vousat\u00fdch na p\u016fvodn\u00ed majitele rychle zapomn\u011bl. Tak\u00e9 je pravda, \u017ee chv\u00edli jsem se pokou\u0161ela naj\u00edt mu nov\u00fd domov, jak jsem sl\u00edbila. Tato snaha mi ale dlouho nevydr\u017eela. Ta bizardn\u00ed postavi\u010dla m\u011b toti\u017e naprosto okouzlila. A nav\u00edc &#8211; Alf (jak mu doma famili\u00e9rn\u011b \u0159\u00edk\u00e1me) je vyroben\u00fd z tak p\u0159\u00edjemn\u00e9ho materi\u00e1lu!!!&nbsp;<br>Jako prav\u00fd norn\u00edk se ve\u010der zatuneluje hluboko pod pe\u0159inu a tam fantasticky h\u0159eje.&nbsp;<br>Kn\u00edra\u010di se na n\u011bho d\u00edvaj\u00ed s velkorys\u00fdm nadhledem &#8211; ta sm\u011b\u0161n\u00e1 \u0161pagetka jim p\u0159ece v boji o postaven\u00ed ve sme\u010dce nem\u016f\u017ee konkurovat!&nbsp;<br>A Alfons jim state\u010dn\u011b asistuje u v\u0161ech jejich lump\u00e1ren. Jen se n\u011bkdy boj\u00edm, jak to v\u0161echno dopadne. I kdy\u017e by mu v\u011bdom\u011b nikdy neubl\u00ed\u017eili, je zde p\u0159ece jen velk\u00fd hmotnost\u00ed rozd\u00edl.&nbsp;<br>Za\u010d\u00e1tkem listopadu 2000 se &#8220;jezinka&#8221; odst\u011bhoval k mamince, proto\u017ee fakt, \u017ee by \u0161el k ciz\u00edm lidem, bych ur\u010dit\u011b neprod\u00fdchala. Po v\u00edc jak ro\u010dn\u00edm pobytu u n\u00e1s po n\u011bm vzniklo pr\u00e1zdn\u00e9 m\u00edsto (hlavn\u011b v moj\u00ed posteli).&nbsp;<\/p>\n\n\n\n<figure class=\"wp-block-table is-style-stripes\"><table><tbody><tr><td><img decoding=\"async\" width=\"480\" height=\"640\" src=\"https:\/\/bohemiatopstar.cz\/wpme\/wp-content\/uploads\/2024\/01\/alf2.jpg\" class=\"wp-image-606\" style=\"width: 200px;\" alt=\"\" srcset=\"https:\/\/bohemiatopstar.cz\/wpme\/wp-content\/uploads\/2024\/01\/alf2.jpg 480w, https:\/\/bohemiatopstar.cz\/wpme\/wp-content\/uploads\/2024\/01\/alf2-225x300.jpg 225w, https:\/\/bohemiatopstar.cz\/wpme\/wp-content\/uploads\/2024\/01\/alf2-300x400.jpg 300w\" sizes=\"(max-width: 480px) 100vw, 480px\" \/><img decoding=\"async\" width=\"480\" height=\"640\" src=\"https:\/\/bohemiatopstar.cz\/wpme\/wp-content\/uploads\/2024\/01\/alf1.jpg\" class=\"wp-image-605\" style=\"width: 200px;\" alt=\"\" srcset=\"https:\/\/bohemiatopstar.cz\/wpme\/wp-content\/uploads\/2024\/01\/alf1.jpg 480w, https:\/\/bohemiatopstar.cz\/wpme\/wp-content\/uploads\/2024\/01\/alf1-225x300.jpg 225w, https:\/\/bohemiatopstar.cz\/wpme\/wp-content\/uploads\/2024\/01\/alf1-300x400.jpg 300w\" sizes=\"(max-width: 480px) 100vw, 480px\" \/><br><em><strong>Alfons v roce 2006&nbsp;<\/strong>&#8211; tak\u00e9 u\u017e je pro\u0161ediv\u011bl\u00fd star\u0161\u00ed p\u00e1n&#8230;.ob\u010das zajede na n\u00e1v\u0161t\u011bvu&nbsp;<\/em><\/td><\/tr><\/tbody><\/table><\/figure>\n\n\n\n<p>Ale ne nadlouho!&nbsp;<br>V kv\u011btnu&nbsp;<strong>2000&nbsp;<\/strong>jsme si napl\u00e1novali \u0161t\u011b\u0148\u00e1tka od T\u00fdnky. Nakonec jsem se nechala od zn\u00e1m\u00fdch p\u0159esv\u011bd\u010dit, a\u0165 dop\u0159eju &#8220;tu radost&#8221; i Betynce &#8211; mohla m\u00edt sv\u00e1 posledn\u00ed \u0161t\u011b\u0148\u00e1tka, proto\u017ee v roce 2000 dos\u00e1hla horn\u00ed v\u011bkov\u00e9 hranice pro vyu\u017eit\u00ed v chovu &#8211; 8 let.&nbsp;<br>A tak jsme m\u011bli \u0161t\u011b\u0148\u00e1tka dvoje&#8230; Betynka akci na\u0161t\u011bst\u00ed pojala rozumn\u011b a m\u011bla jen pejska a fene\u010dku. Zato T\u00fdna n\u00e1m nad\u011blila 8 fousat\u00fdch miminek. Jej\u00ed vrh jsem sledovala s nap\u011bt\u00edm, proto\u017ee jsem si od n\u00ed cht\u011bla nechat hol\u010di\u010dku. Tak\u017ee starost o tu fousatou drobotinu n\u00e1m zabrala cel\u00e9 jaro a l\u00e9to.&nbsp;<br>Nakonec v\u0161ichni ode\u0161li do sv\u00fdch nov\u00fdch rodin a doma n\u00e1m z\u016fstala jenom mal\u00e1&nbsp;<strong>Crazy&nbsp;<\/strong>, kterou jsem si ze t\u0159\u00ed narozen\u00fdch fene\u010dek vybrala pro sebe.&nbsp;<br><em>(Uvid\u00edme, jak poroste. Douf\u00e1me, \u017ee do kr\u00e1sy, proto\u017ee v ni vkl\u00e1d\u00e1m nad\u011bje jako do pokra\u010dovatelky m\u00e9ho chovatelsk\u00e9ho sna\u017een\u00ed.&nbsp;<\/em><em>Dal\u0161\u00ed fousat\u00e9 miminko, kter\u00e9 by za n\u011bkolik let m\u011blo p\u0159ij\u00edt do na\u0161\u00ed rodiny, by toti\u017e m\u011bla b\u00fdt jej\u00ed dcerka.)&nbsp;<\/em><br>Crazy opravdu naplnila moje o\u010dek\u00e1v\u00e1n\u00ed. Nasb\u00edrala n\u011bjak\u00e9 ty v\u00fdstavn\u00ed tituly, ale pro m\u011b bylo mnohem d\u016fle\u017eit\u011bj\u0161\u00ed, \u017ee jsem se d\u00edky n\u00ed zase o kousek p\u0159ibl\u00ed\u017eila ke sv\u00e9 p\u0159edstav\u011b st\u0159edn\u00edho kn\u00edra\u010de. Sice je opravdu &#8220;crazy&#8221;, to jm\u00e9no jsem tedy odhadla v\u00fdborn\u011b :o), ale jinak je v povaze pohodov\u00e1. Tak\u00e9 v exteri\u00e9ru jsem d\u00edky n\u00ed ud\u011blala op\u011bt mal\u00fd kr\u016f\u010dek vp\u0159ed. Ve stavb\u011b t\u011bla je velmi harmonick\u00e1 a m\u00e1 n\u00e1dhern\u00fd prostorn\u00fd pohyb.&nbsp;<\/p>\n\n\n\n<p>Vzhledem k tomu, \u017ee v letech&nbsp;<strong>2003-2005&nbsp;<\/strong>jsem ud\u011blala p\u00e1r \u017eivotn\u00edch kotrmelc\u016f (n\u00e1sledn\u011b jsme museli dokonce na \u010das opustit n\u00e1\u0161 bar\u00e1\u010dek), nemohla b\u00fdt o dal\u0161\u00edch \u0161t\u011b\u0148atech ani \u0159e\u010d. Hol\u010di\u010dky (T\u00fdna s Crazy) bydlely asi p\u016fl roku v kotci kynologick\u00e9ho klubu u Jiho\u010desk\u00e9 univerzity a Angera jsem m\u011bla v garsonce, zpo\u010d\u00e1tku jsem si ho musela p\u0159es den i br\u00e1t do pr\u00e1ce). Do t\u00e9hle situace bylo kryt\u00ed Crazy opravdu nemysliteln\u00e9. Ne\u017e se v\u0161e vy\u0159e\u0161ilo, Crazy mi zest\u00e1rla, a tak jsme prvn\u011b jeli za \u017eenichem t\u00e9m\u011b\u0159 v 6 letech. Dvakr\u00e1t ne\u00fasp\u011b\u0161n\u011b, miminek jsme se do\u010dkali a\u017e na ja\u0159e v roce&nbsp;<strong>2007&nbsp;<\/strong>p\u0159i t\u0159et\u00edm kryt\u00ed, kter\u00e9 jsem vyhl\u00e1sila za definitivn\u011b posledn\u00ed pokus.&nbsp;<br>Po sedmi letech jsem si \u0161t\u011b\u0148\u00e1tek n\u00e1le\u017eit\u011b u\u017e\u00edvala a pe\u010dliv\u011b sledovala v\u0161echny narozen\u00e9 fene\u010dky. V \u0161esti t\u00fddnech moje volba padla na&nbsp;<strong>Dolly&nbsp;<\/strong>.&nbsp;<br>Proto\u017ee byla asi letos vlna z\u00e1jmu o fenky, oba kluci n\u00e1m z\u016fst\u00e1vali doma skoro do t\u0159\u00ed m\u011bs\u00edc\u016f. Mezit\u00edm se vytvo\u0159ilo pouto mezi \u017dor\u017eem a&nbsp;<strong>Pep\u00ed\u010dkem&nbsp;<\/strong>(Dr. Pepper). Kdy\u017e se ozvali prvn\u00ed z\u00e1jemci na pejska, bylo u\u017e rozhodnuto, \u017ee Pepa nen\u00ed na prodej. I kdy\u017e se pozd\u011bji ozvali i dal\u0161\u00ed z\u00e1jemci, n\u00e1zor jsme nezm\u011bnili. Jak prav\u00ed man\u017eel jedn\u00e9 m\u00e9 kamar\u00e1dky-kynolo\u017eky: &#8220;Je jeden pes, dva psi &#8211; a pak u\u017e je &#8220;hodn\u011b ps\u016f&#8221;&#8230;.&#8221;. Prost\u011b jsem usoudila, \u017ee \u010dty\u0159i nebo p\u011bt, to u\u017e je jedno&#8230;&#8230;&nbsp;<br><br><strong>REQUIEM&nbsp;<\/strong><\/p>\n\n\n\n<p><strong>3.11.2007&nbsp;<\/strong>po sedm\u00e9 hodin\u011b ve\u010der se zastavil \u010das.&nbsp;<br>P\u0159i\u0161la jsem o svoji Crazy.&nbsp;<br>B\u011bhem ve\u010dern\u00edho ven\u010den\u00ed se podhrabala pod plotem a dostala se na silnici. Proj\u00ed\u017ed\u011bj\u00edc\u00edmu autu vb\u011bhla p\u0159\u00edmo pod kola. Byla na m\u00edst\u011b mrtv\u00e1.&nbsp;<br>Bylo j\u00ed sedm let.&nbsp;<br>Crazy se mnou pro\u0161la nejt\u011b\u017e\u0161\u00edm obdob\u00edm m\u00e9ho \u017eivota. Ve chv\u00edl\u00edch, kdy mi bylo nejh\u016f\u0159, mi ten temperamentn\u00ed, v\u011b\u010dn\u011b rozesm\u00e1t\u00fd sk\u0159\u00edtek p\u0159in\u00e1\u0161el optimismus a dobrou n\u00e1ladu.&nbsp;<br>Nikdy j\u00ed nezapomenu, \u017ee m\u011b opustila. Je\u0161t\u011b tu se mnou m\u011bla b\u00fdt, je\u0161t\u011b jsem j\u00ed nedala &#8220;volno&#8221;.&nbsp;<br>Ale to byla cel\u00e1 Crazy&#8230;&#8230; Na Duhov\u00fd most se v\u0159\u00edtila takovou rychlost\u00ed, \u017ee na druhou stranu dob\u011bhla d\u0159\u00edv ne\u017e si uv\u011bdomila, kde vlastn\u011b je.&nbsp;<br>Na okam\u017eik z\u016fstala p\u0159ekvapen\u011b st\u00e1t a ohl\u00e9dla se zp\u011bt odkud p\u0159ib\u011bhla. Mo\u017en\u00e1 m\u011b z d\u00e1lky zaslechla, jak na ni vol\u00e1m. Ale pak se oto\u010dila a rozeb\u011bhla se d\u00e1l.&nbsp;<\/p>\n\n\n\n<figure class=\"wp-block-image size-large\"><img decoding=\"async\" width=\"250\" height=\"248\" src=\"https:\/\/bohemiatopstar.cz\/wpme\/wp-content\/uploads\/2024\/01\/crazyportret21.jpg\" alt=\"\" class=\"wp-image-609\" srcset=\"https:\/\/bohemiatopstar.cz\/wpme\/wp-content\/uploads\/2024\/01\/crazyportret21.jpg 250w, https:\/\/bohemiatopstar.cz\/wpme\/wp-content\/uploads\/2024\/01\/crazyportret21-150x150.jpg 150w, https:\/\/bohemiatopstar.cz\/wpme\/wp-content\/uploads\/2024\/01\/crazyportret21-160x160.jpg 160w\" sizes=\"(max-width: 250px) 100vw, 250px\" \/><\/figure>\n\n\n\n<p><strong><em><a href=\"http:\/\/bohemiatopstar.czechian.net\/view.php?cisloclanku=2007110002\">LEGENDA O DUHOV\u00c9M MOST\u011a<\/a><\/em><\/strong><br><br>Tak n\u00e1m z\u016fstali dva sirotci:&nbsp;<strong>Pep\u00ed\u010dek (Dr. Peper BTS) a Dolly (Dangle Dolly BTS).&nbsp;<\/strong><br><br>P\u0159elom roku&nbsp;<strong>2010\/2011&nbsp;<\/strong>byl ho\u0159k\u00fd a radostn\u00fd z\u00e1rove\u0148.<br>27.10.2010 jsme museli uspat Angera. Bylo to t\u011b\u017ek\u00e9 rozhodnut\u00ed, asi jako poka\u017ed\u00e9, kdy\u017e se \u010dlov\u011bk mus\u00ed pasovat do role P\u00e1naboha a rozhodovat o \u017eivot\u011b a smrti. V tomto p\u0159\u00edpd\u011b to pro m\u011b bylo o to hor\u0161\u00ed, \u017ee to byl Medvou\u0161, se kter\u00fdm jsem m\u011bla zcela ojedin\u011bl\u00fd vztah a v m\u00e9m \u017eivot\u011b zauj\u00edmal naprosto v\u00fdsadn\u00ed postaven\u00ed. Ale kv\u016fli t\u011b\u017ek\u00e9 artr\u00f3ze se \u017eivot pro n\u011bj st\u00e1val utrpen\u00edm a bylo na m\u011b, abych mu pomohla.<br><br>Po Angerov\u011b odchodu jsme se b\u00e1li o T\u00fdnku. V\u011bt\u0161inou to tak b\u00fdv\u00e1, kdy\u017e jsou spolu dva sta\u0159\u00ed psi a jeden odejde, druh\u00fd ho zanedlouho n\u00e1sleduje. Ale na\u0161e babu\u0161e se, asi tak\u00e9 d\u00edky Pepovi a Dolly, dr\u017eela state\u010dn\u011b.<br>Nejv\u00edc smutno bylo mn\u011b. A tak m\u011b napadla ta \u0161\u00edlen\u00e1 v\u011bc, \u017ee si ud\u011bl\u00e1m radost a ke kulatin\u00e1m (dobr\u00e1 z\u00e1minka ;o) si po\u0159\u00edd\u00edm pejska na cvi\u010den\u00ed. T\u00e1pala jsem mezi plemeny, rozhodn\u011b jsem necht\u011bla NO, naopak se mi l\u00edbil boxer nebo erdelteri\u00e9r&#8230;. ti mi p\u0159i\u0161li velikostn\u011b p\u0159ijateln\u011bj\u0161\u00ed. U maliny jsem se b\u00e1la temperamentu.<br>Velk\u00fd kn\u00edra\u010d mi hned od za\u010d\u00e1tku p\u0159ipadal &#8220;moc velk\u00fd&#8221;. Ale proto\u017ee ne nadarmo se \u0159\u00edk\u00e1, \u017ee od\u0159\u00edkan\u00e9ho chleba je nejv\u011bt\u0161\u00ed kraj\u00edc, p\u0159emluvili m\u011b v\u0161ichni kolem, \u017ee si p\u0159ece nic jin\u00e9ho ne\u017e kn\u00edra\u010de po\u0159\u00eddit nem\u016f\u017eu. A kdy\u017e na cvi\u010den\u00ed, tak od st\u0159e\u010f\u00e1k\u016f prost\u011b zv\u011bt\u0161it o \u010d\u00edslo :o) Pak jsem na\u0161la inzer\u00e1ty na \u0161t\u011b\u0148\u00e1tka z chovatelsk\u00e9 stanice Goldest Danubius, a kdy\u017e jsme se na ty drobky byli prvn\u011b pod\u00edvat, bylo rozhodnuto.<br><br>Tak k n\u00e1m&nbsp;<strong>9.12.2010&nbsp;<\/strong>p\u0159i\u0161el&nbsp;<strong>Ferda (Inferno Inno Goldest Danubius)&nbsp;<\/strong>.<br><br>Koncem ledna jsme museli nechat uspat i T\u00fdnku :o(( Bylo j\u00ed 15,5 roku. Ve\u010der se z ni\u010deho nic zhor\u0161il jej\u00ed stav a \u0161patn\u011b d\u00fdchala, r\u00e1no jsem nemohla dospat a hned jsme jela na veterinu. M\u011bla u\u017e vodu na plic\u00edch :o(<br><br>P\u0159\u00edtomnost Ferdy n\u00e1s nenechala dlouho smutnit po starou\u0161c\u00edch.<br>Jejich m\u00edsto vyplnil rychle a dokonale. A to nejen svou velikost\u00ed, ale hlavn\u011b aktivitou a milou povahou.<br>Asi po roce sou\u017eit\u00ed s Ferdou mus\u00edm \u0159\u00edct, \u017ee jsem moc r\u00e1da, \u017ee mi shoda okolnost\u00ed p\u0159ivedla do cesty pr\u00e1v\u011b jeho. P\u0159esn\u011b takhle jsem si sv\u00e9ho velk\u00e9ho psa vysnila! Doma mil\u00e1\u010dek a ohromn\u00fd mazel, na na\u0161em pozemku nekompromisn\u00ed hl\u00edda\u010d.Koncem roku 2014 jsem o Ferdy\u0161e p\u0159i\u0161la :o( Ani te\u010f, s odstupem roku a p\u016fl, se mi o tom nechce mluvit ani ps\u00e1t. V\u017edycky, kdy\u017e jsme se vyrovnali se vzniklou situac\u00ed, zmobilizovali s\u00edly, za\u010dali ji \u0159e\u0161it a mysleli si, \u017ee to u\u017e hor\u0161\u00ed b\u00fdt nem\u016f\u017ee, uk\u00e1zalo se, \u017ee m\u016f\u017ee. Veterin\u00e1\u0159i i my jsme d\u011blali, co jsme mohli, a stejn\u011b to bylo m\u00e1lo. Byli jsme psychicky \u00fapln\u011b zni\u010den\u00ed a j\u00e1 jsem usoudila, \u017ee jedin\u00e9, co n\u00e1s v tuhle chv\u00edli m\u016f\u017ee vytrhnout z letargie, je nov\u00fd pejsek. Ale v tu chv\u00edli bych se neunesla d\u00edvat na dal\u0161\u00edho kn\u00edra\u010de, kter\u00fd by mi st\u00e1le p\u0159ipom\u00ednal tu kalv\u00e1rii s Ferdou.Proto jsem se rozhodla pro plemeno, po kter\u00e9m u\u017e jsme pokukovala p\u0159ed velk\u00fdm kn\u00edra\u010dem &#8211; pro erdelteri\u00e9ra.M\u011bla jsem \u0161t\u011bst\u00ed &#8211; v Ostrav\u011b byla zrovna \u010dty\u0159m\u011bs\u00ed\u010dn\u00ed \u0161t\u011b\u0148\u00e1tka, tak jsme mohli m\u00edt pejska hned, co\u017e bylo ide\u00e1ln\u00ed.<strong>12.12.2014&nbsp;<\/strong>jsme si p\u0159ivezli&nbsp;<strong>Sonyho (Larson Loyd Adia Avi)&nbsp;<\/strong>.Pro m\u011b tak za\u010dala nov\u00e1 etapa pozn\u00e1v\u00e1n\u00ed nov\u00e9ho plemene, \u00fapravy, povahy a ostatn\u00edch v\u011bc\u00ed s t\u00edm souvisej\u00edc\u00edch :o)Zat\u00edm je to je\u0161t\u011b ps\u00ed puber\u0165\u00e1k. Jeho mentalita a povaha je dost podobn\u00e1 st\u0159e\u010f\u00e1k\u016fm. Tak\u00e9 je to takov\u00fd pali\u010dat\u00fd mudrlant. Tak uvid\u00edme, jak n\u00e1m to spolu p\u016fjde d\u00e1l :o)<\/p>\n\n\n\n<figure class=\"wp-block-image size-large is-style-default\"><img decoding=\"async\" width=\"1024\" height=\"758\" src=\"https:\/\/bohemiatopstar.cz\/wpme\/wp-content\/uploads\/2024\/01\/PA250081-1024x758.jpg\" alt=\"\" class=\"wp-image-607\" srcset=\"https:\/\/bohemiatopstar.cz\/wpme\/wp-content\/uploads\/2024\/01\/PA250081-1024x758.jpg 1024w, https:\/\/bohemiatopstar.cz\/wpme\/wp-content\/uploads\/2024\/01\/PA250081-300x222.jpg 300w, https:\/\/bohemiatopstar.cz\/wpme\/wp-content\/uploads\/2024\/01\/PA250081-768x568.jpg 768w, https:\/\/bohemiatopstar.cz\/wpme\/wp-content\/uploads\/2024\/01\/PA250081.jpg 1200w\" sizes=\"(max-width: 1024px) 100vw, 1024px\" \/><figcaption class=\"wp-element-caption\"><em>konec roku 2015 &#8211; zleva:&nbsp;<br><strong>Pep\u00ed\u010dek (Dr. Pepper BTS) , Dolly (Dangle Dolly BTS), Sony (Larson Loyd Adia Avi) a Eli\u0161ka (Ella Gracia BTS)<\/strong><\/em><\/figcaption><\/figure>\n\n\n\n<figure class=\"wp-block-image size-large\"><img decoding=\"async\" width=\"1024\" height=\"741\" src=\"https:\/\/bohemiatopstar.cz\/wpme\/wp-content\/uploads\/2024\/01\/PA240021_alpska_vyhlidka-1024x741.jpg\" alt=\"\" class=\"wp-image-608\" srcset=\"https:\/\/bohemiatopstar.cz\/wpme\/wp-content\/uploads\/2024\/01\/PA240021_alpska_vyhlidka-1024x741.jpg 1024w, https:\/\/bohemiatopstar.cz\/wpme\/wp-content\/uploads\/2024\/01\/PA240021_alpska_vyhlidka-300x217.jpg 300w, https:\/\/bohemiatopstar.cz\/wpme\/wp-content\/uploads\/2024\/01\/PA240021_alpska_vyhlidka-768x556.jpg 768w, https:\/\/bohemiatopstar.cz\/wpme\/wp-content\/uploads\/2024\/01\/PA240021_alpska_vyhlidka.jpg 1200w\" sizes=\"(max-width: 1024px) 100vw, 1024px\" \/><\/figure>\n","protected":false},"excerpt":{"rendered":"<p>Jmenuji se&nbsp;Martina Zaj\u00ed\u010dkov\u00e1.&nbsp;Se sv\u00fdmi kn\u00edra\u010di \u017eiji v mal\u00e9 vesni\u010dce na jihu \u010cech nedaleko \u010cesk\u00fdch Bud\u011bjovic &#8211;&nbsp;Brani\u0161ov\u011b.&nbsp;Kn\u00edra\u010di se stali m\u00fdm osudem &#8211; jsou temperamentn\u00ed, vyrovnan\u00ed, st\u00e1le dob\u0159e nalo\u017een\u00ed.&nbsp;Jsou to velmi siln\u00e9 osobnosti, st\u00e1le se sna\u017e\u00edc\u00ed zaujmout pozici &#8220;partnera&#8221;. D\u00edky tomu s nimi denn\u011b pro\u017e\u00edv\u00e1me \u0159adu komick\u00fdch situac\u00ed, mnohdy spadaj\u00edc\u00edch sp\u00ed\u0161e do oblasti &#8220;\u010dern\u00e9ho&#8221; humoru.&nbsp;Na\u0161e vousat\u00e1 rodinka [&hellip;]<\/p>\n","protected":false},"author":1,"featured_media":0,"parent":0,"menu_order":0,"comment_status":"closed","ping_status":"closed","template":"","meta":{"pgc_sgb_lightbox_settings":"","footnotes":""},"_links":{"self":[{"href":"https:\/\/bohemiatopstar.cz\/wpme\/index.php\/wp-json\/wp\/v2\/pages\/698"}],"collection":[{"href":"https:\/\/bohemiatopstar.cz\/wpme\/index.php\/wp-json\/wp\/v2\/pages"}],"about":[{"href":"https:\/\/bohemiatopstar.cz\/wpme\/index.php\/wp-json\/wp\/v2\/types\/page"}],"author":[{"embeddable":true,"href":"https:\/\/bohemiatopstar.cz\/wpme\/index.php\/wp-json\/wp\/v2\/users\/1"}],"replies":[{"embeddable":true,"href":"https:\/\/bohemiatopstar.cz\/wpme\/index.php\/wp-json\/wp\/v2\/comments?post=698"}],"version-history":[{"count":1,"href":"https:\/\/bohemiatopstar.cz\/wpme\/index.php\/wp-json\/wp\/v2\/pages\/698\/revisions"}],"predecessor-version":[{"id":699,"href":"https:\/\/bohemiatopstar.cz\/wpme\/index.php\/wp-json\/wp\/v2\/pages\/698\/revisions\/699"}],"wp:attachment":[{"href":"https:\/\/bohemiatopstar.cz\/wpme\/index.php\/wp-json\/wp\/v2\/media?parent=698"}],"curies":[{"name":"wp","href":"https:\/\/api.w.org\/{rel}","templated":true}]}}