{"id":842,"date":"2024-01-16T17:57:56","date_gmt":"2024-01-16T16:57:56","guid":{"rendered":"https:\/\/bohemiatopstar.cz\/wpme\/?page_id=842"},"modified":"2025-04-27T21:20:43","modified_gmt":"2025-04-27T19:20:43","slug":"ich-balada-kirfira-cs","status":"publish","type":"page","link":"https:\/\/bohemiatopstar.cz\/wpme\/index.php\/ich-balada-kirfira-cs\/","title":{"rendered":"ICh. Balada Kirfira CS"},"content":{"rendered":"\n<h2 class=\"wp-block-heading\">ICh. Balada Kirfira CS<\/h2>\n\n\n\n<figure class=\"wp-block-table\"><table><tbody><tr><td rowspan=\"9\"><a href=\"file:\/\/\/Users\/martina\/WP\/hueman\/assets\/front\/css\/gallery.php?akce=galerie_ukaz&amp;galerie_id=1\"><\/a><\/td><\/tr><tr><td><strong>Datum narozen\u00ed:&nbsp;<\/strong>7.1.1992 &#8211; 27.11.2003<\/td><\/tr><tr><td><strong>\u010c\u00edslo z\u00e1pisu:&nbsp;<\/strong>CKS 2027\/92<\/td><\/tr><tr><td><strong>Bonitace:&nbsp;<\/strong>01\/4A\/544<\/td><\/tr><tr><td><strong>DKK:&nbsp;<\/strong>&#8211;<\/td><\/tr><tr><td><strong>Chovatel:&nbsp;<\/strong>Cholevov\u00e1 Pavla<\/td><\/tr><tr><td><strong>Majitel:&nbsp;<\/strong>Zaj\u00ed\u010dkov\u00e1 Martina ing.<\/td><\/tr><tr><td><strong>Adresa:&nbsp;<\/strong>Brani\u0161ov 42,&nbsp;373 84 Dubn\u00e9<\/td><\/tr><tr><td><strong>www:&nbsp;<\/strong>bohemiatopstar.czechian.net<\/td><\/tr><tr><td><\/td><td><\/td><\/tr><tr><td colspan=\"2\"><strong>V\u00fdstavy:&nbsp;<\/strong>Interchampion, \u010cesk\u00fd \u0161ampion, V\u00edt\u011bz Brna, Krajsk\u00fd v\u00edt\u011bz, 5x Oblastn\u00ed v\u00edt\u011bz, Nejlep\u0161\u00ed fena v\u00fdstavy, Nejlep\u0161\u00ed st\u0159edn\u00ed kn\u00edra\u010d, Nejlep\u0161\u00ed kn\u00edra\u010d OSV Plze\u0148 \u00b495<br>3x CAC, 4x CAC, CACA, res. CACA, 4x CACIB, 3x \u010cK\u0160&#8230;<\/td><\/tr><tr><td colspan=\"2\"><br><strong>Zkou\u0161ky, z\u00e1vody:&nbsp;<\/strong>ZM, BH, ZOP, ZPU1<\/td><\/tr><\/tbody><\/table><\/figure>\n\n\n\n<p><br><strong>RODOKMEN \/ PEDIGREE&nbsp;<\/strong><\/p>\n\n\n\n<figure class=\"wp-block-table\"><table><tbody><tr><td rowspan=\"4\">CAC,R.CACA,Obl.v\u00edt., 7*V\u00edt.t\u0159.<br>Aro od \u0160vab\u00e1ku CS<br>ZM<\/td><td rowspan=\"2\">ICH. Brix z Likarty CS<br>ZM,ZVV1<\/td><td>Dt.Ch. Bazi v.d. Weinstadt Iphofen<\/td><\/tr><tr><td>ICH. Clea \u017div\u00e9 proudy CS<\/td><\/tr><tr><td rowspan=\"2\">Hesy Perlit&nbsp;<\/td><td>CACIB Ares od Rodi\u0161ovky CS<\/td><\/tr><tr><td>Bora Perlit CS<\/td><\/tr><tr><td rowspan=\"4\">Bystra Frag<\/td><td rowspan=\"2\">V\u00edt.\u010cR Alan \u0160ed\u00fd \u010dert CS<br>ZM, ZVV1<\/td><td>Kraj.v\u00edt. Fram z Hofjaru CS<\/td><\/tr><tr><td>V\u00edt.t\u0159. Bria Siv\u00fd \u010dert CS<\/td><\/tr><tr><td rowspan=\"2\">Gara \u017div\u00e9 proudy CS<br>ZM<\/td><td>Bob z M\u011bsta P\u00edsku CS<\/td><\/tr><tr><td>V\u00edt.t\u0159. Bessy \u017div\u00e9 proudy CS<\/td><\/tr><\/tbody><\/table><\/figure>\n","protected":false},"excerpt":{"rendered":"<p>ICh. Balada Kirfira CS Datum narozen\u00ed:&nbsp;7.1.1992 &#8211; 27.11.2003 \u010c\u00edslo z\u00e1pisu:&nbsp;CKS 2027\/92 Bonitace:&nbsp;01\/4A\/544 DKK:&nbsp;&#8211; Chovatel:&nbsp;Cholevov\u00e1 Pavla Majitel:&nbsp;Zaj\u00ed\u010dkov\u00e1 Martina ing. Adresa:&nbsp;Brani\u0161ov 42,&nbsp;373 84 Dubn\u00e9 www:&nbsp;bohemiatopstar.czechian.net V\u00fdstavy:&nbsp;Interchampion, \u010cesk\u00fd \u0161ampion, V\u00edt\u011bz Brna, Krajsk\u00fd v\u00edt\u011bz, 5x Oblastn\u00ed v\u00edt\u011bz, Nejlep\u0161\u00ed fena v\u00fdstavy, Nejlep\u0161\u00ed st\u0159edn\u00ed kn\u00edra\u010d, Nejlep\u0161\u00ed kn\u00edra\u010d OSV Plze\u0148 \u00b4953x CAC, 4x CAC, CACA, res. CACA, 4x CACIB, 3x \u010cK\u0160&#8230; Zkou\u0161ky, [&hellip;]<\/p>\n","protected":false},"author":1,"featured_media":0,"parent":0,"menu_order":0,"comment_status":"closed","ping_status":"closed","template":"","meta":{"pgc_sgb_lightbox_settings":"","footnotes":""},"_links":{"self":[{"href":"https:\/\/bohemiatopstar.cz\/wpme\/index.php\/wp-json\/wp\/v2\/pages\/842"}],"collection":[{"href":"https:\/\/bohemiatopstar.cz\/wpme\/index.php\/wp-json\/wp\/v2\/pages"}],"about":[{"href":"https:\/\/bohemiatopstar.cz\/wpme\/index.php\/wp-json\/wp\/v2\/types\/page"}],"author":[{"embeddable":true,"href":"https:\/\/bohemiatopstar.cz\/wpme\/index.php\/wp-json\/wp\/v2\/users\/1"}],"replies":[{"embeddable":true,"href":"https:\/\/bohemiatopstar.cz\/wpme\/index.php\/wp-json\/wp\/v2\/comments?post=842"}],"version-history":[{"count":3,"href":"https:\/\/bohemiatopstar.cz\/wpme\/index.php\/wp-json\/wp\/v2\/pages\/842\/revisions"}],"predecessor-version":[{"id":1624,"href":"https:\/\/bohemiatopstar.cz\/wpme\/index.php\/wp-json\/wp\/v2\/pages\/842\/revisions\/1624"}],"wp:attachment":[{"href":"https:\/\/bohemiatopstar.cz\/wpme\/index.php\/wp-json\/wp\/v2\/media?parent=842"}],"curies":[{"name":"wp","href":"https:\/\/api.w.org\/{rel}","templated":true}]}}