{"id":848,"date":"2024-01-16T19:20:36","date_gmt":"2024-01-16T18:20:36","guid":{"rendered":"https:\/\/bohemiatopstar.cz\/wpme\/?page_id=848"},"modified":"2025-04-27T21:15:12","modified_gmt":"2025-04-27T19:15:12","slug":"anger-attack-bohemia-top-star","status":"publish","type":"page","link":"https:\/\/bohemiatopstar.cz\/wpme\/index.php\/anger-attack-bohemia-top-star\/","title":{"rendered":"Anger Attack Bohemia Top Star"},"content":{"rendered":"\n<h2 class=\"wp-block-heading\">Anger Attack Bohemia Top Star<\/h2>\n\n\n\n<figure class=\"wp-block-table is-style-stripes\"><table><tbody><tr><td><strong>Datum narozen\u00ed:&nbsp;<\/strong>19.11.1997 &#8211; 27.10.2010<\/td><\/tr><tr><td><strong>\u010c\u00edslo z\u00e1pisu:&nbsp;<\/strong>CMKU\/4766\/97<\/td><\/tr><tr><td><strong>Bonitace:&nbsp;<\/strong>svod dorostu 00\/5A\/+<\/td><\/tr><tr><td><strong>DKK:&nbsp;<\/strong>1\/1<\/td><\/tr><tr><td><strong>Chovatel:&nbsp;<\/strong>Zaj\u00ed\u010dkov\u00e1 Martina ing.<\/td><\/tr><tr><td><strong>Majitel:&nbsp;<\/strong>Zaj\u00ed\u010dkov\u00e1 Martina ing.<\/td><\/tr><tr><td><strong>Adresa:&nbsp;<\/strong>Brani\u0161ov 42,&nbsp;373 84 Dubn\u00e9<\/td><\/tr><tr><td><strong>www:&nbsp;<\/strong>bohemiatopstar.cz<\/td><\/tr><tr><td><\/td><td><\/td><\/tr><tr><td colspan=\"2\"><strong>V\u00fdstavy:&nbsp;<\/strong>V\u00edt\u011bz t\u0159\u00eddy, Oblastn\u00ed v\u00edt\u011bz<\/td><\/tr><tr><td colspan=\"2\"><br><strong>Zkou\u0161ky, z\u00e1vody:&nbsp;<\/strong>ZOP, ZZO, 1. m\u00edsto V\u00e1no\u010dn\u00ed z\u00e1vod 2008<\/td><\/tr><tr><td colspan=\"2\"><\/td><\/tr><tr><td colspan=\"2\"><\/td><\/tr><tr><td colspan=\"2\"><\/td><\/tr><\/tbody><\/table><\/figure>\n\n\n\n<p><strong>RODOKMEN \/ PEDIGREE<\/strong><\/p>\n\n\n\n<figure class=\"wp-block-table\"><table><tbody><tr><td rowspan=\"4\">CH. Cawley ze Z\u00e1hrabsk\u00e9<\/td><td rowspan=\"2\">ICH. Quito Chapiro&nbsp;<\/td><td>CH. Arko v. d. Goliathh\u00f6he<\/td><\/tr><tr><td>CH. Jessica Chapiro&nbsp;<\/td><\/tr><tr><td rowspan=\"2\">ICH. Anjou ze Z\u00e1hrabsk\u00e9<\/td><td>Brit u Jeremi\u00e1\u0161e&nbsp;<\/td><\/tr><tr><td>ICH. Zi_Zi \u0160iko<\/td><\/tr><tr><td rowspan=\"4\">ICH. Balada Kirfira CS<\/td><td rowspan=\"2\">Aro od \u0160vab\u00e1ku<\/td><td>Brix z Likarty<\/td><\/tr><tr><td>Hesy perlit<\/td><\/tr><tr><td rowspan=\"2\">Bystra Frag<\/td><td>Alan \u0160ed\u00fd \u010dert<\/td><\/tr><tr><td>Gara \u017div\u00e9 prody<\/td><\/tr><\/tbody><\/table><\/figure>\n","protected":false},"excerpt":{"rendered":"<p>Anger Attack Bohemia Top Star Datum narozen\u00ed:&nbsp;19.11.1997 &#8211; 27.10.2010 \u010c\u00edslo z\u00e1pisu:&nbsp;CMKU\/4766\/97 Bonitace:&nbsp;svod dorostu 00\/5A\/+ DKK:&nbsp;1\/1 Chovatel:&nbsp;Zaj\u00ed\u010dkov\u00e1 Martina ing. Majitel:&nbsp;Zaj\u00ed\u010dkov\u00e1 Martina ing. Adresa:&nbsp;Brani\u0161ov 42,&nbsp;373 84 Dubn\u00e9 www:&nbsp;bohemiatopstar.cz V\u00fdstavy:&nbsp;V\u00edt\u011bz t\u0159\u00eddy, Oblastn\u00ed v\u00edt\u011bz Zkou\u0161ky, z\u00e1vody:&nbsp;ZOP, ZZO, 1. m\u00edsto V\u00e1no\u010dn\u00ed z\u00e1vod 2008 RODOKMEN \/ PEDIGREE CH. Cawley ze Z\u00e1hrabsk\u00e9 ICH. Quito Chapiro&nbsp; CH. Arko v. d. Goliathh\u00f6he CH. Jessica [&hellip;]<\/p>\n","protected":false},"author":1,"featured_media":0,"parent":0,"menu_order":0,"comment_status":"closed","ping_status":"closed","template":"","meta":{"pgc_sgb_lightbox_settings":"","footnotes":""},"_links":{"self":[{"href":"https:\/\/bohemiatopstar.cz\/wpme\/index.php\/wp-json\/wp\/v2\/pages\/848"}],"collection":[{"href":"https:\/\/bohemiatopstar.cz\/wpme\/index.php\/wp-json\/wp\/v2\/pages"}],"about":[{"href":"https:\/\/bohemiatopstar.cz\/wpme\/index.php\/wp-json\/wp\/v2\/types\/page"}],"author":[{"embeddable":true,"href":"https:\/\/bohemiatopstar.cz\/wpme\/index.php\/wp-json\/wp\/v2\/users\/1"}],"replies":[{"embeddable":true,"href":"https:\/\/bohemiatopstar.cz\/wpme\/index.php\/wp-json\/wp\/v2\/comments?post=848"}],"version-history":[{"count":3,"href":"https:\/\/bohemiatopstar.cz\/wpme\/index.php\/wp-json\/wp\/v2\/pages\/848\/revisions"}],"predecessor-version":[{"id":1616,"href":"https:\/\/bohemiatopstar.cz\/wpme\/index.php\/wp-json\/wp\/v2\/pages\/848\/revisions\/1616"}],"wp:attachment":[{"href":"https:\/\/bohemiatopstar.cz\/wpme\/index.php\/wp-json\/wp\/v2\/media?parent=848"}],"curies":[{"name":"wp","href":"https:\/\/api.w.org\/{rel}","templated":true}]}}