{"id":850,"date":"2024-01-16T19:23:22","date_gmt":"2024-01-16T18:23:22","guid":{"rendered":"https:\/\/bohemiatopstar.cz\/wpme\/?page_id=850"},"modified":"2025-04-27T21:19:30","modified_gmt":"2025-04-27T19:19:30","slug":"dr-pepper-bohemia-top-star","status":"publish","type":"page","link":"https:\/\/bohemiatopstar.cz\/wpme\/index.php\/dr-pepper-bohemia-top-star\/","title":{"rendered":"Dr. Pepper Bohemia Top Star"},"content":{"rendered":"\n<h2 class=\"wp-block-heading\">Dr. Pepper Bohemia Top Star<\/h2>\n\n\n\n<figure class=\"wp-block-image size-full\"><img decoding=\"async\" width=\"700\" height=\"512\" src=\"https:\/\/bohemiatopstar.cz\/wpme\/wp-content\/uploads\/2024\/01\/dr_pepper_bohemia_top_star.jpg\" alt=\"\" class=\"wp-image-943\" srcset=\"https:\/\/bohemiatopstar.cz\/wpme\/wp-content\/uploads\/2024\/01\/dr_pepper_bohemia_top_star.jpg 700w, https:\/\/bohemiatopstar.cz\/wpme\/wp-content\/uploads\/2024\/01\/dr_pepper_bohemia_top_star-300x219.jpg 300w\" sizes=\"(max-width: 700px) 100vw, 700px\" \/><\/figure>\n\n\n\n<figure class=\"wp-block-table is-style-stripes\"><table><tbody><tr><td><strong>Datum narozen\u00ed:&nbsp;<\/strong>6.7.2007 &#8211; 8.12.2020<\/td><\/tr><tr><td><strong>\u010c\u00edslo z\u00e1pisu:&nbsp;<\/strong>CMKU\/KS\/7297\/07<\/td><\/tr><tr><td><strong>Bonitace:&nbsp;<\/strong>00\/7A\/5 51\/51 cm, hlava 26 cm \/ h\u0159bet 37 cm<\/td><\/tr><tr><td><strong>DKK:&nbsp;<\/strong>0\/0<\/td><\/tr><tr><td><strong>Chovatel:&nbsp;<\/strong>Zaj\u00ed\u010dkov\u00e1 Martina ing.<\/td><\/tr><tr><td><strong>Majitel:&nbsp;<\/strong>Zaj\u00ed\u010dkov\u00e1 Martina ing.<\/td><\/tr><tr><td><strong>Adresa:&nbsp;<\/strong>Brani\u0161ov 42,&nbsp;373 84 Dubn\u00e9<\/td><\/tr><tr><td><strong>www:&nbsp;<\/strong>bohemiatopstar.czechian.net<\/td><\/tr><tr><td><\/td><td><\/td><\/tr><tr><td colspan=\"2\"><strong>V\u00fdstavy:&nbsp;<\/strong>spln\u011bn \u010cesk\u00fd junior\u0161ampion, V\u00edt\u011bz t\u0159\u00eddy mlad\u00fdch, 3x CAJC, 3x CAC, 2x Oblastn\u00ed v\u00edt\u011bz, 2x N\u00e1rodn\u00ed v\u00edt\u011bz, BOB<\/td><\/tr><tr><td colspan=\"2\"><br><strong>Zkou\u0161ky, z\u00e1vody:&nbsp;<\/strong>ZZO, ZOP, 3. m\u00edsto na V\u00e1no\u010dn\u00edm klubov\u00e9m z\u00e1vod\u011b 2010 (kategorie B), 2. m\u00edsto na V\u00e1no\u010dn\u00edm klubov\u00e9m z\u00e1vod\u011b 2011 (kategorie B)<\/td><\/tr><\/tbody><\/table><\/figure>\n\n\n\n<p><br><strong>RODOKMEN \/ PEDIGREE&nbsp;<\/strong><\/p>\n\n\n\n<figure class=\"wp-block-table\"><table><tbody><tr><td rowspan=\"4\">CH. Zorba Calvera av Serjas<\/td><td rowspan=\"2\">CH. Perico av Serjas&nbsp;<\/td><td>CH. Stallfurt After Ours<\/td><\/tr><tr><td>CH. Isabela av Serjas&nbsp;<\/td><\/tr><tr><td rowspan=\"2\">CH. Madeline av Serjas&nbsp;<\/td><td>CH. Wow Wow\u00b4s First Flirt&nbsp;<\/td><\/tr><tr><td>CH. Eleonora av Serjas<\/td><\/tr><tr><td rowspan=\"4\"><a href=\"http:\/\/bohemiatopstar.cz\/wpme\/index.php\/ch-crazy-comedy-bohemia-top-star\/\">CH. Crazy Comedy Bohemia Top Star<\/a><\/td><td rowspan=\"2\">ICH. Sting FainMonstr<\/td><td>Favorit Red Laithaus<\/td><\/tr><tr><td>Shkoda Alvais<\/td><\/tr><tr><td rowspan=\"2\">CH. Christin ze Zahrabsk\u00e9<\/td><td>ICH Quito Chapiro<\/td><\/tr><tr><td>ICH Anjou ze Zahrabsk\u00e9<\/td><\/tr><\/tbody><\/table><\/figure>\n","protected":false},"excerpt":{"rendered":"<p>Dr. Pepper Bohemia Top Star Datum narozen\u00ed:&nbsp;6.7.2007 &#8211; 8.12.2020 \u010c\u00edslo z\u00e1pisu:&nbsp;CMKU\/KS\/7297\/07 Bonitace:&nbsp;00\/7A\/5 51\/51 cm, hlava 26 cm \/ h\u0159bet 37 cm DKK:&nbsp;0\/0 Chovatel:&nbsp;Zaj\u00ed\u010dkov\u00e1 Martina ing. Majitel:&nbsp;Zaj\u00ed\u010dkov\u00e1 Martina ing. Adresa:&nbsp;Brani\u0161ov 42,&nbsp;373 84 Dubn\u00e9 www:&nbsp;bohemiatopstar.czechian.net V\u00fdstavy:&nbsp;spln\u011bn \u010cesk\u00fd junior\u0161ampion, V\u00edt\u011bz t\u0159\u00eddy mlad\u00fdch, 3x CAJC, 3x CAC, 2x Oblastn\u00ed v\u00edt\u011bz, 2x N\u00e1rodn\u00ed v\u00edt\u011bz, BOB Zkou\u0161ky, z\u00e1vody:&nbsp;ZZO, ZOP, 3. m\u00edsto [&hellip;]<\/p>\n","protected":false},"author":1,"featured_media":0,"parent":0,"menu_order":0,"comment_status":"closed","ping_status":"closed","template":"","meta":{"pgc_sgb_lightbox_settings":"","footnotes":""},"_links":{"self":[{"href":"https:\/\/bohemiatopstar.cz\/wpme\/index.php\/wp-json\/wp\/v2\/pages\/850"}],"collection":[{"href":"https:\/\/bohemiatopstar.cz\/wpme\/index.php\/wp-json\/wp\/v2\/pages"}],"about":[{"href":"https:\/\/bohemiatopstar.cz\/wpme\/index.php\/wp-json\/wp\/v2\/types\/page"}],"author":[{"embeddable":true,"href":"https:\/\/bohemiatopstar.cz\/wpme\/index.php\/wp-json\/wp\/v2\/users\/1"}],"replies":[{"embeddable":true,"href":"https:\/\/bohemiatopstar.cz\/wpme\/index.php\/wp-json\/wp\/v2\/comments?post=850"}],"version-history":[{"count":5,"href":"https:\/\/bohemiatopstar.cz\/wpme\/index.php\/wp-json\/wp\/v2\/pages\/850\/revisions"}],"predecessor-version":[{"id":1622,"href":"https:\/\/bohemiatopstar.cz\/wpme\/index.php\/wp-json\/wp\/v2\/pages\/850\/revisions\/1622"}],"wp:attachment":[{"href":"https:\/\/bohemiatopstar.cz\/wpme\/index.php\/wp-json\/wp\/v2\/media?parent=850"}],"curies":[{"name":"wp","href":"https:\/\/api.w.org\/{rel}","templated":true}]}}