{"id":852,"date":"2024-01-16T19:26:30","date_gmt":"2024-01-16T18:26:30","guid":{"rendered":"https:\/\/bohemiatopstar.cz\/wpme\/?page_id=852"},"modified":"2025-04-27T21:19:00","modified_gmt":"2025-04-27T19:19:00","slug":"dangle-dolly-bohemia-top-star","status":"publish","type":"page","link":"https:\/\/bohemiatopstar.cz\/wpme\/index.php\/dangle-dolly-bohemia-top-star\/","title":{"rendered":"Dangle Dolly Bohemia Top Star"},"content":{"rendered":"\n<h2 class=\"wp-block-heading\">Dangle Dolly Bohemia Top Star<\/h2>\n\n\n\n<figure data-wp-context=\"{ &quot;core&quot;:\n\t\t\t\t{ &quot;image&quot;:\n\t\t\t\t\t{   &quot;imageLoaded&quot;: false,\n\t\t\t\t\t\t&quot;initialized&quot;: false,\n\t\t\t\t\t\t&quot;lightboxEnabled&quot;: false,\n\t\t\t\t\t\t&quot;hideAnimationEnabled&quot;: false,\n\t\t\t\t\t\t&quot;preloadInitialized&quot;: false,\n\t\t\t\t\t\t&quot;lightboxAnimation&quot;: &quot;zoom&quot;,\n\t\t\t\t\t\t&quot;imageUploadedSrc&quot;: &quot;https:\/\/bohemiatopstar.cz\/wpme\/wp-content\/uploads\/2025\/01\/DangeDolly.jpg&quot;,\n\t\t\t\t\t\t&quot;imageCurrentSrc&quot;: &quot;&quot;,\n\t\t\t\t\t\t&quot;targetWidth&quot;: &quot;700&quot;,\n\t\t\t\t\t\t&quot;targetHeight&quot;: &quot;525&quot;,\n\t\t\t\t\t\t&quot;scaleAttr&quot;: &quot;&quot;,\n\t\t\t\t\t\t&quot;dialogLabel&quot;: &quot;Zv\u011bt\u0161en\u00fd obr\u00e1zek&quot;\n\t\t\t\t\t}\n\t\t\t\t}\n\t\t\t}\" data-wp-interactive class=\"wp-block-image size-full wp-lightbox-container\"><img decoding=\"async\" width=\"700\" height=\"525\" data-wp-effect--setStylesOnResize=\"effects.core.image.setStylesOnResize\" data-wp-effect=\"effects.core.image.setButtonStyles\" data-wp-init=\"effects.core.image.initOriginImage\" data-wp-on--click=\"actions.core.image.showLightbox\" data-wp-on--load=\"actions.core.image.handleLoad\" src=\"https:\/\/bohemiatopstar.cz\/wpme\/wp-content\/uploads\/2025\/01\/DangeDolly.jpg\" alt=\"\" class=\"wp-image-1574\" srcset=\"https:\/\/bohemiatopstar.cz\/wpme\/wp-content\/uploads\/2025\/01\/DangeDolly.jpg 700w, https:\/\/bohemiatopstar.cz\/wpme\/wp-content\/uploads\/2025\/01\/DangeDolly-300x225.jpg 300w\" sizes=\"(max-width: 700px) 100vw, 700px\" \/><button\n\t\t\tclass=\"lightbox-trigger\"\n\t\t\ttype=\"button\"\n\t\t\taria-haspopup=\"dialog\"\n\t\t\taria-label=\"Zv\u011bt\u0161it obr\u00e1zek\"\n\t\t\tdata-wp-on--click=\"actions.core.image.showLightbox\"\n\t\t\tdata-wp-style--right=\"context.core.image.imageButtonRight\"\n\t\t\tdata-wp-style--top=\"context.core.image.imageButtonTop\"\n\t\t>\n\t\t\t<svg xmlns=\"http:\/\/www.w3.org\/2000\/svg\" width=\"12\" height=\"12\" fill=\"none\" viewBox=\"0 0 12 12\">\n\t\t\t\t<path fill=\"#fff\" d=\"M2 0a2 2 0 0 0-2 2v2h1.5V2a.5.5 0 0 1 .5-.5h2V0H2Zm2 10.5H2a.5.5 0 0 1-.5-.5V8H0v2a2 2 0 0 0 2 2h2v-1.5ZM8 12v-1.5h2a.5.5 0 0 0 .5-.5V8H12v2a2 2 0 0 1-2 2H8Zm2-12a2 2 0 0 1 2 2v2h-1.5V2a.5.5 0 0 0-.5-.5H8V0h2Z\" \/>\n\t\t\t<\/svg>\n\t\t<\/button>        <div data-wp-body=\"\" class=\"wp-lightbox-overlay zoom\"\n            data-wp-bind--role=\"selectors.core.image.roleAttribute\"\n            data-wp-bind--aria-label=\"selectors.core.image.dialogLabel\"\n            data-wp-class--initialized=\"context.core.image.initialized\"\n            data-wp-class--active=\"context.core.image.lightboxEnabled\"\n            data-wp-class--hideAnimationEnabled=\"context.core.image.hideAnimationEnabled\"\n            data-wp-bind--aria-modal=\"selectors.core.image.ariaModal\"\n            data-wp-effect=\"effects.core.image.initLightbox\"\n            data-wp-on--keydown=\"actions.core.image.handleKeydown\"\n            data-wp-on--touchstart=\"actions.core.image.handleTouchStart\"\n            data-wp-on--touchmove=\"actions.core.image.handleTouchMove\"\n            data-wp-on--touchend=\"actions.core.image.handleTouchEnd\"\n            data-wp-on--click=\"actions.core.image.hideLightbox\"\n            tabindex=\"-1\"\n            >\n                <button type=\"button\" aria-label=\"Zav\u0159\u00edt\" style=\"fill: #000\" class=\"close-button\" data-wp-on--click=\"actions.core.image.hideLightbox\">\n                    <svg xmlns=\"http:\/\/www.w3.org\/2000\/svg\" viewBox=\"0 0 24 24\" width=\"20\" height=\"20\" aria-hidden=\"true\" focusable=\"false\"><path d=\"M13 11.8l6.1-6.3-1-1-6.1 6.2-6.1-6.2-1 1 6.1 6.3-6.5 6.7 1 1 6.5-6.6 6.5 6.6 1-1z\"><\/path><\/svg>\n                <\/button>\n                <div class=\"lightbox-image-container\">\n<figure class=\"wp-block-image size-full responsive-image\"><img decoding=\"async\" data-wp-bind--src=\"context.core.image.imageCurrentSrc\" data-wp-style--object-fit=\"selectors.core.image.lightboxObjectFit\" src=\"\" alt=\"\" class=\"wp-image-1574\"\/><\/figure>\n<\/div>\n                <div class=\"lightbox-image-container\">\n<figure class=\"wp-block-image size-full enlarged-image\"><img decoding=\"async\" data-wp-bind--src=\"selectors.core.image.enlargedImgSrc\" data-wp-style--object-fit=\"selectors.core.image.lightboxObjectFit\" src=\"\" alt=\"\" class=\"wp-image-1574\"\/><\/figure>\n<\/div>\n                <div class=\"scrim\" style=\"background-color: #fff\" aria-hidden=\"true\"><\/div>\n        <\/div><\/figure>\n\n\n\n<figure class=\"wp-block-table is-style-stripes\"><table><tbody><tr><td rowspan=\"9\"><a href=\"file:\/\/\/Users\/martina\/WP\/hueman\/assets\/front\/css\/gallery.php?akce=galerie_ukaz&amp;galerie_id=6\"><\/a><\/td><\/tr><tr><td><strong>Datum narozen\u00ed:&nbsp;<\/strong>6.7.2007 &#8211; 28.3.2019<\/td><\/tr><tr><td><strong>\u010c\u00edslo z\u00e1pisu:&nbsp;<\/strong>CMKU\/KS\/7298\/07<\/td><\/tr><tr><td><strong>Bonitace:&nbsp;<\/strong>00\/4A\/5, 46\/46 cm, hlava 21 cm \/ h\u0159bet 31 cm<\/td><\/tr><tr><td><strong>DKK:&nbsp;<\/strong>0\/0<\/td><\/tr><tr><td><strong>Chovatel:&nbsp;<\/strong>Zaj\u00ed\u010dkov\u00e1 Martina ing.<\/td><\/tr><tr><td><strong>Majitel:&nbsp;<\/strong>Zaj\u00ed\u010dkov\u00e1 Martina ing.<\/td><\/tr><tr><td><strong>Adresa:&nbsp;<\/strong>Brani\u0161ov 42,&nbsp;373 84 Dubn\u00e9<\/td><\/tr><tr><td><strong>www:&nbsp;<\/strong>bohemiatopstar.cz<\/td><\/tr><tr><td><\/td><td><\/td><\/tr><tr><td colspan=\"2\"><strong>V\u00fdstavy:&nbsp;<\/strong>V\u00edt\u011bz t\u0159\u00eddy mlad\u00fdch, 3x CAC, res. CACIB, Krajsk\u00fd v\u00edt\u011bz, N\u00e1rodn\u00ed v\u00edt\u011bz<\/td><\/tr><tr><td colspan=\"2\"><br><strong>Zkou\u0161ky, z\u00e1vody:&nbsp;<\/strong>ZZO, ZOP, BH<\/td><\/tr><\/tbody><\/table><\/figure>\n\n\n\n<p><br><strong>RODOKMEN \/ PEDIGREE&nbsp;<\/strong><\/p>\n\n\n\n<figure class=\"wp-block-table\"><table><tbody><tr><td rowspan=\"4\">CH. Zorba Calvera av Serjas<\/td><td rowspan=\"2\">CH. Perico av Serjas&nbsp;<\/td><td>CH. Stallfurt After Ours<\/td><\/tr><tr><td>CH. Isabela av Serjas&nbsp;<\/td><\/tr><tr><td rowspan=\"2\">CH. Madeline av Serjas&nbsp;<\/td><td>CH. Wow Wow\u00b4s First Flirt&nbsp;<\/td><\/tr><tr><td>CH. Eleonora av Serjas<\/td><\/tr><tr><td rowspan=\"4\"><a href=\"http:\/\/bohemiatopstar.cz\/wpme\/index.php\/ch-crazy-comedy-bohemia-top-star\/\">CH. Crazy Comedy Bohemia Top Star<\/a><\/td><td rowspan=\"2\">ICH. Sting FainMonstr<\/td><td>Favorit Red Laithaus<\/td><\/tr><tr><td>Shkoda Alvais<\/td><\/tr><tr><td rowspan=\"2\"><a href=\"http:\/\/bohemiatopstar.cz\/wpme\/index.php\/ch-cristin-ze-zahrabske\/\">CH. Christin ze Zahrabsk\u00e9<\/a><\/td><td>ICH Quito Chapiro<\/td><\/tr><tr><td>ICH Anjou ze Zahrabsk\u00e9<\/td><\/tr><\/tbody><\/table><\/figure>\n\n\n\n<figure data-wp-context=\"{ &quot;core&quot;:\n\t\t\t\t{ &quot;image&quot;:\n\t\t\t\t\t{   &quot;imageLoaded&quot;: false,\n\t\t\t\t\t\t&quot;initialized&quot;: false,\n\t\t\t\t\t\t&quot;lightboxEnabled&quot;: false,\n\t\t\t\t\t\t&quot;hideAnimationEnabled&quot;: false,\n\t\t\t\t\t\t&quot;preloadInitialized&quot;: false,\n\t\t\t\t\t\t&quot;lightboxAnimation&quot;: &quot;zoom&quot;,\n\t\t\t\t\t\t&quot;imageUploadedSrc&quot;: &quot;https:\/\/bohemiatopstar.cz\/wpme\/wp-content\/uploads\/2025\/01\/1268203294_dollyna.jpg&quot;,\n\t\t\t\t\t\t&quot;imageCurrentSrc&quot;: &quot;&quot;,\n\t\t\t\t\t\t&quot;targetWidth&quot;: &quot;698&quot;,\n\t\t\t\t\t\t&quot;targetHeight&quot;: &quot;525&quot;,\n\t\t\t\t\t\t&quot;scaleAttr&quot;: &quot;&quot;,\n\t\t\t\t\t\t&quot;dialogLabel&quot;: &quot;Zv\u011bt\u0161en\u00fd obr\u00e1zek&quot;\n\t\t\t\t\t}\n\t\t\t\t}\n\t\t\t}\" data-wp-interactive class=\"wp-block-image size-full wp-lightbox-container\"><img decoding=\"async\" width=\"698\" height=\"525\" data-wp-effect--setStylesOnResize=\"effects.core.image.setStylesOnResize\" data-wp-effect=\"effects.core.image.setButtonStyles\" data-wp-init=\"effects.core.image.initOriginImage\" data-wp-on--click=\"actions.core.image.showLightbox\" data-wp-on--load=\"actions.core.image.handleLoad\" src=\"https:\/\/bohemiatopstar.cz\/wpme\/wp-content\/uploads\/2025\/01\/1268203294_dollyna.jpg\" alt=\"\" class=\"wp-image-1576\" srcset=\"https:\/\/bohemiatopstar.cz\/wpme\/wp-content\/uploads\/2025\/01\/1268203294_dollyna.jpg 698w, https:\/\/bohemiatopstar.cz\/wpme\/wp-content\/uploads\/2025\/01\/1268203294_dollyna-300x226.jpg 300w\" sizes=\"(max-width: 698px) 100vw, 698px\" \/><button\n\t\t\tclass=\"lightbox-trigger\"\n\t\t\ttype=\"button\"\n\t\t\taria-haspopup=\"dialog\"\n\t\t\taria-label=\"Zv\u011bt\u0161it obr\u00e1zek\"\n\t\t\tdata-wp-on--click=\"actions.core.image.showLightbox\"\n\t\t\tdata-wp-style--right=\"context.core.image.imageButtonRight\"\n\t\t\tdata-wp-style--top=\"context.core.image.imageButtonTop\"\n\t\t>\n\t\t\t<svg xmlns=\"http:\/\/www.w3.org\/2000\/svg\" width=\"12\" height=\"12\" fill=\"none\" viewBox=\"0 0 12 12\">\n\t\t\t\t<path fill=\"#fff\" d=\"M2 0a2 2 0 0 0-2 2v2h1.5V2a.5.5 0 0 1 .5-.5h2V0H2Zm2 10.5H2a.5.5 0 0 1-.5-.5V8H0v2a2 2 0 0 0 2 2h2v-1.5ZM8 12v-1.5h2a.5.5 0 0 0 .5-.5V8H12v2a2 2 0 0 1-2 2H8Zm2-12a2 2 0 0 1 2 2v2h-1.5V2a.5.5 0 0 0-.5-.5H8V0h2Z\" \/>\n\t\t\t<\/svg>\n\t\t<\/button>        <div data-wp-body=\"\" class=\"wp-lightbox-overlay zoom\"\n            data-wp-bind--role=\"selectors.core.image.roleAttribute\"\n            data-wp-bind--aria-label=\"selectors.core.image.dialogLabel\"\n            data-wp-class--initialized=\"context.core.image.initialized\"\n            data-wp-class--active=\"context.core.image.lightboxEnabled\"\n            data-wp-class--hideAnimationEnabled=\"context.core.image.hideAnimationEnabled\"\n            data-wp-bind--aria-modal=\"selectors.core.image.ariaModal\"\n            data-wp-effect=\"effects.core.image.initLightbox\"\n            data-wp-on--keydown=\"actions.core.image.handleKeydown\"\n            data-wp-on--touchstart=\"actions.core.image.handleTouchStart\"\n            data-wp-on--touchmove=\"actions.core.image.handleTouchMove\"\n            data-wp-on--touchend=\"actions.core.image.handleTouchEnd\"\n            data-wp-on--click=\"actions.core.image.hideLightbox\"\n            tabindex=\"-1\"\n            >\n                <button type=\"button\" aria-label=\"Zav\u0159\u00edt\" style=\"fill: #000\" class=\"close-button\" data-wp-on--click=\"actions.core.image.hideLightbox\">\n                    <svg xmlns=\"http:\/\/www.w3.org\/2000\/svg\" viewBox=\"0 0 24 24\" width=\"20\" height=\"20\" aria-hidden=\"true\" focusable=\"false\"><path d=\"M13 11.8l6.1-6.3-1-1-6.1 6.2-6.1-6.2-1 1 6.1 6.3-6.5 6.7 1 1 6.5-6.6 6.5 6.6 1-1z\"><\/path><\/svg>\n                <\/button>\n                <div class=\"lightbox-image-container\">\n<figure class=\"wp-block-image size-full responsive-image\"><img decoding=\"async\" data-wp-bind--src=\"context.core.image.imageCurrentSrc\" data-wp-style--object-fit=\"selectors.core.image.lightboxObjectFit\" src=\"\" alt=\"\" class=\"wp-image-1576\"\/><\/figure>\n<\/div>\n                <div class=\"lightbox-image-container\">\n<figure class=\"wp-block-image size-full enlarged-image\"><img decoding=\"async\" data-wp-bind--src=\"selectors.core.image.enlargedImgSrc\" data-wp-style--object-fit=\"selectors.core.image.lightboxObjectFit\" src=\"\" alt=\"\" class=\"wp-image-1576\"\/><\/figure>\n<\/div>\n                <div class=\"scrim\" style=\"background-color: #fff\" aria-hidden=\"true\"><\/div>\n        <\/div><\/figure>\n","protected":false},"excerpt":{"rendered":"<p>Dangle Dolly Bohemia Top Star Datum narozen\u00ed:&nbsp;6.7.2007 &#8211; 28.3.2019 \u010c\u00edslo z\u00e1pisu:&nbsp;CMKU\/KS\/7298\/07 Bonitace:&nbsp;00\/4A\/5, 46\/46 cm, hlava 21 cm \/ h\u0159bet 31 cm DKK:&nbsp;0\/0 Chovatel:&nbsp;Zaj\u00ed\u010dkov\u00e1 Martina ing. Majitel:&nbsp;Zaj\u00ed\u010dkov\u00e1 Martina ing. Adresa:&nbsp;Brani\u0161ov 42,&nbsp;373 84 Dubn\u00e9 www:&nbsp;bohemiatopstar.cz V\u00fdstavy:&nbsp;V\u00edt\u011bz t\u0159\u00eddy mlad\u00fdch, 3x CAC, res. CACIB, Krajsk\u00fd v\u00edt\u011bz, N\u00e1rodn\u00ed v\u00edt\u011bz Zkou\u0161ky, z\u00e1vody:&nbsp;ZZO, ZOP, BH RODOKMEN \/ PEDIGREE&nbsp; CH. Zorba Calvera av [&hellip;]<\/p>\n","protected":false},"author":1,"featured_media":0,"parent":0,"menu_order":0,"comment_status":"closed","ping_status":"closed","template":"","meta":{"pgc_sgb_lightbox_settings":"","footnotes":""},"_links":{"self":[{"href":"https:\/\/bohemiatopstar.cz\/wpme\/index.php\/wp-json\/wp\/v2\/pages\/852"}],"collection":[{"href":"https:\/\/bohemiatopstar.cz\/wpme\/index.php\/wp-json\/wp\/v2\/pages"}],"about":[{"href":"https:\/\/bohemiatopstar.cz\/wpme\/index.php\/wp-json\/wp\/v2\/types\/page"}],"author":[{"embeddable":true,"href":"https:\/\/bohemiatopstar.cz\/wpme\/index.php\/wp-json\/wp\/v2\/users\/1"}],"replies":[{"embeddable":true,"href":"https:\/\/bohemiatopstar.cz\/wpme\/index.php\/wp-json\/wp\/v2\/comments?post=852"}],"version-history":[{"count":8,"href":"https:\/\/bohemiatopstar.cz\/wpme\/index.php\/wp-json\/wp\/v2\/pages\/852\/revisions"}],"predecessor-version":[{"id":1621,"href":"https:\/\/bohemiatopstar.cz\/wpme\/index.php\/wp-json\/wp\/v2\/pages\/852\/revisions\/1621"}],"wp:attachment":[{"href":"https:\/\/bohemiatopstar.cz\/wpme\/index.php\/wp-json\/wp\/v2\/media?parent=852"}],"curies":[{"name":"wp","href":"https:\/\/api.w.org\/{rel}","templated":true}]}}