{"id":854,"date":"2024-01-16T19:29:21","date_gmt":"2024-01-16T18:29:21","guid":{"rendered":"https:\/\/bohemiatopstar.cz\/wpme\/?page_id=854"},"modified":"2025-04-27T21:17:24","modified_gmt":"2025-04-27T19:17:24","slug":"ch-crazy-comedy-bohemia-top-star","status":"publish","type":"page","link":"https:\/\/bohemiatopstar.cz\/wpme\/index.php\/ch-crazy-comedy-bohemia-top-star\/","title":{"rendered":"Ch. Crazy Comedy Bohemia Top Star"},"content":{"rendered":"\n<h2 class=\"wp-block-heading\">Ch. Crazy Comedy Bohemia Top Star<\/h2>\n\n\n\n<figure class=\"wp-block-image size-full\"><img decoding=\"async\" width=\"800\" height=\"616\" src=\"https:\/\/bohemiatopstar.cz\/wpme\/wp-content\/uploads\/2024\/01\/1164100987_crazycomedybohemiatopstar.jpg\" alt=\"\" class=\"wp-image-952\" srcset=\"https:\/\/bohemiatopstar.cz\/wpme\/wp-content\/uploads\/2024\/01\/1164100987_crazycomedybohemiatopstar.jpg 800w, https:\/\/bohemiatopstar.cz\/wpme\/wp-content\/uploads\/2024\/01\/1164100987_crazycomedybohemiatopstar-300x231.jpg 300w, https:\/\/bohemiatopstar.cz\/wpme\/wp-content\/uploads\/2024\/01\/1164100987_crazycomedybohemiatopstar-768x591.jpg 768w\" sizes=\"(max-width: 800px) 100vw, 800px\" \/><\/figure>\n\n\n\n<figure class=\"wp-block-table is-style-stripes\"><table><tbody><tr><td><strong>Datum narozen\u00ed:&nbsp;<\/strong>19.05.2000 &#8211; 3.11.2007<\/td><td rowspan=\"8\"><a href=\"file:\/\/\/Users\/martina\/WP\/hueman\/assets\/front\/css\/gallery.php?akce=galerie_ukaz&amp;galerie_id=4\"><\/a><\/td><\/tr><tr><td><strong>\u010c\u00edslo z\u00e1pisu:&nbsp;<\/strong>CMKU\/KS\/4515\/00<\/td><\/tr><tr><td><strong>Bonitace:&nbsp;<\/strong>00\/4A\/5<\/td><\/tr><tr><td><strong>DKK:&nbsp;<\/strong>0\/2<\/td><\/tr><tr><td><strong>Chovatel:&nbsp;<\/strong>Zaj\u00ed\u010dkov\u00e1 Martina ing.<\/td><\/tr><tr><td><strong>Majitel:&nbsp;<\/strong>Zaj\u00ed\u010dkov\u00e1 Martina ing.<\/td><\/tr><tr><td><strong>Adresa:&nbsp;<\/strong>Brani\u0161ov 42,&nbsp;373 84 Dubn\u00e9<\/td><\/tr><tr><td><strong>www:&nbsp;<\/strong>bohemiatopstar.cz<\/td><\/tr><tr><td><\/td><td><\/td><\/tr><tr><td colspan=\"2\"><strong>V\u00fdstavy:&nbsp;<\/strong>\u010cesk\u00fd junior\u0161ampion, \u010cesk\u00fd \u0161ampion, Klubov\u00e1 v\u00edt\u011bzka 2003, Oblastn\u00ed v\u00edt\u011bzka, CAC, CACIB, \u010cK\u0160 a dal\u0161\u00ed<\/td><\/tr><tr><td colspan=\"2\"><strong>Zkou\u0161ky, z\u00e1vody:&nbsp;<\/strong>&#8211;<\/td><\/tr><\/tbody><\/table><\/figure>\n\n\n\n<p><strong>RODOKMEN \/ PEDIGREE&nbsp;<\/strong><\/p>\n\n\n\n<figure class=\"wp-block-table\"><table><tbody><tr><td rowspan=\"4\">ICH. Sting FainMonstr<\/td><td rowspan=\"2\">Favorit Red Laithaus&nbsp;<\/td><td>Mithan Mitja SF&nbsp;<\/td><\/tr><tr><td>Ola Red Laithaus&nbsp;<\/td><\/tr><tr><td rowspan=\"2\">Shkoda Alvais&nbsp;<\/td><td>Champ. GB Odivane MR.Nice Guy at Dondeau&nbsp;<\/td><\/tr><tr><td>Vaja Grey Devl&nbsp;<\/td><\/tr><tr><td rowspan=\"4\"><a href=\"http:\/\/bohemiatopstar.cz\/wpme\/index.php\/ch-cristin-ze-zahrabske\/\">CH. Christin ze Zahrabsk\u00e9<\/a><\/td><td rowspan=\"2\">Quito Chapiro&nbsp;<\/td><td>Champ. D Arko v.d. Goliathhohe&nbsp;<\/td><\/tr><tr><td>ICH Jessica Chapiro&nbsp;<\/td><\/tr><tr><td rowspan=\"2\">Anjou ze Zahrabsk\u00e9<\/td><td>Britt u Jeremi\u00e1\u0161e CS<\/td><\/tr><tr><td>ICH \u0160iko Zi-Zi&nbsp;<\/td><\/tr><\/tbody><\/table><\/figure>\n","protected":false},"excerpt":{"rendered":"<p>Ch. Crazy Comedy Bohemia Top Star Datum narozen\u00ed:&nbsp;19.05.2000 &#8211; 3.11.2007 \u010c\u00edslo z\u00e1pisu:&nbsp;CMKU\/KS\/4515\/00 Bonitace:&nbsp;00\/4A\/5 DKK:&nbsp;0\/2 Chovatel:&nbsp;Zaj\u00ed\u010dkov\u00e1 Martina ing. Majitel:&nbsp;Zaj\u00ed\u010dkov\u00e1 Martina ing. Adresa:&nbsp;Brani\u0161ov 42,&nbsp;373 84 Dubn\u00e9 www:&nbsp;bohemiatopstar.cz V\u00fdstavy:&nbsp;\u010cesk\u00fd junior\u0161ampion, \u010cesk\u00fd \u0161ampion, Klubov\u00e1 v\u00edt\u011bzka 2003, Oblastn\u00ed v\u00edt\u011bzka, CAC, CACIB, \u010cK\u0160 a dal\u0161\u00ed Zkou\u0161ky, z\u00e1vody:&nbsp;&#8211; RODOKMEN \/ PEDIGREE&nbsp; ICH. Sting FainMonstr Favorit Red Laithaus&nbsp; Mithan Mitja SF&nbsp; Ola Red [&hellip;]<\/p>\n","protected":false},"author":1,"featured_media":0,"parent":0,"menu_order":0,"comment_status":"closed","ping_status":"closed","template":"","meta":{"pgc_sgb_lightbox_settings":"","footnotes":""},"_links":{"self":[{"href":"https:\/\/bohemiatopstar.cz\/wpme\/index.php\/wp-json\/wp\/v2\/pages\/854"}],"collection":[{"href":"https:\/\/bohemiatopstar.cz\/wpme\/index.php\/wp-json\/wp\/v2\/pages"}],"about":[{"href":"https:\/\/bohemiatopstar.cz\/wpme\/index.php\/wp-json\/wp\/v2\/types\/page"}],"author":[{"embeddable":true,"href":"https:\/\/bohemiatopstar.cz\/wpme\/index.php\/wp-json\/wp\/v2\/users\/1"}],"replies":[{"embeddable":true,"href":"https:\/\/bohemiatopstar.cz\/wpme\/index.php\/wp-json\/wp\/v2\/comments?post=854"}],"version-history":[{"count":5,"href":"https:\/\/bohemiatopstar.cz\/wpme\/index.php\/wp-json\/wp\/v2\/pages\/854\/revisions"}],"predecessor-version":[{"id":1619,"href":"https:\/\/bohemiatopstar.cz\/wpme\/index.php\/wp-json\/wp\/v2\/pages\/854\/revisions\/1619"}],"wp:attachment":[{"href":"https:\/\/bohemiatopstar.cz\/wpme\/index.php\/wp-json\/wp\/v2\/media?parent=854"}],"curies":[{"name":"wp","href":"https:\/\/api.w.org\/{rel}","templated":true}]}}