{"id":856,"date":"2024-01-16T19:32:59","date_gmt":"2024-01-16T18:32:59","guid":{"rendered":"https:\/\/bohemiatopstar.cz\/wpme\/?page_id=856"},"modified":"2025-04-27T21:18:21","modified_gmt":"2025-04-27T19:18:21","slug":"ch-ella-gracia-bohemia-top-starch","status":"publish","type":"page","link":"https:\/\/bohemiatopstar.cz\/wpme\/index.php\/ch-ella-gracia-bohemia-top-starch\/","title":{"rendered":"Ch. Ella Gracia Bohemia Top Star"},"content":{"rendered":"\n<h2 class=\"wp-block-heading\">Ch. Ella Gracia Bohemia Top Star<\/h2>\n\n\n\n<figure class=\"wp-block-image size-full\"><img decoding=\"async\" width=\"1000\" height=\"900\" src=\"https:\/\/bohemiatopstar.cz\/wpme\/wp-content\/uploads\/2024\/01\/PA090802.jpg\" alt=\"\" class=\"wp-image-948\" srcset=\"https:\/\/bohemiatopstar.cz\/wpme\/wp-content\/uploads\/2024\/01\/PA090802.jpg 1000w, https:\/\/bohemiatopstar.cz\/wpme\/wp-content\/uploads\/2024\/01\/PA090802-300x270.jpg 300w, https:\/\/bohemiatopstar.cz\/wpme\/wp-content\/uploads\/2024\/01\/PA090802-768x691.jpg 768w\" sizes=\"(max-width: 1000px) 100vw, 1000px\" \/><\/figure>\n\n\n\n<figure class=\"wp-block-table is-style-stripes\"><table><tbody><tr><td><strong>Datum narozen\u00ed:&nbsp;<\/strong>19.11.2013<\/td><td rowspan=\"8\"><img decoding=\"async\" src=\"\"><a href=\"file:\/\/\/Users\/martina\/WP\/hueman\/assets\/front\/css\/gallery.php?akce=galerie_ukaz&amp;galerie_id=8\"><\/a><\/td><\/tr><tr><td><strong>\u010c\u00edslo z\u00e1pisu:&nbsp;<\/strong>CMKU\/KS\/8555\/13<\/td><\/tr><tr><td><strong>Bonitace:&nbsp;<\/strong>00\/4A\/5<\/td><\/tr><tr><td><strong>DKK:&nbsp;<\/strong>1\/0<\/td><\/tr><tr><td><strong>Chovatel:&nbsp;<\/strong>Zaj\u00ed\u010dkov\u00e1 Martina ing.<\/td><\/tr><tr><td><strong>Majitel:&nbsp;<\/strong>Zaj\u00ed\u010dkov\u00e1 Martina ing.<\/td><\/tr><tr><td><strong>Adresa:&nbsp;<\/strong>Brani\u0161ov 42,&nbsp;373 84 Dubn\u00e9<\/td><\/tr><tr><td><strong>www:&nbsp;<\/strong>bohemiatopstar.cz<\/td><\/tr><tr><td><\/td><td><\/td><\/tr><tr><td colspan=\"2\"><strong>V\u00fdstavy:&nbsp;<\/strong>VTM, Nejlep\u0161\u00ed mlad\u00fd jedinec OKV, Nejkr\u00e1sn\u011bj\u0161\u00ed kn\u00edra\u010d OKV, 4x CAC, res. CAC, 2x CACIB, Oblastn\u00ed v\u00edt\u011bz, Krajsk\u00fd v\u00edt\u011bz, N\u00e1rodn\u00ed v\u00edt\u011bz, 2x BOB, \u010cesk\u00fd \u0161ampion<\/td><\/tr><tr><td colspan=\"2\"><br><strong>Zkou\u0161ky, z\u00e1vody:&nbsp;<\/strong>ZOP, ZPU1, ZZO, BH, IBGH 1, FPr1, FPr2, FPr3, IFH-V<\/td><\/tr><\/tbody><\/table><\/figure>\n\n\n\n<p><br><strong>RODOKMEN \/ PEDIGREE&nbsp;<\/strong><\/p>\n\n\n\n<figure class=\"wp-block-table\"><table><tbody><tr><td rowspan=\"4\">ICH. Loveboy Saltus ze Z\u00e1hrabsk\u00e9<\/td><td rowspan=\"2\">ICH. Ablazer Fire Light My Life<\/td><td>ICH. Stahlkriegers Magnum Force<\/td><\/tr><tr><td>Brenda de Schilla&nbsp;<\/td><\/tr><tr><td rowspan=\"2\">ICH. Unbelievable Usa ze Z\u00e1hrabsk\u00e9&nbsp;<\/td><td>ICH. Character Chells ze Z\u00e1hrabsk\u00e9&nbsp;<\/td><\/tr><tr><td>ICH. Bria ze Z\u00e1hrabsk\u00e9<\/td><\/tr><tr><td rowspan=\"4\"><a href=\"http:\/\/bohemiatopstar.cz\/wpme\/index.php\/dangle-dolly-bohemia-top-star\/\">Dangle Dolly Bohemia Top Star<\/a><\/td><td rowspan=\"2\">ICH. Zorba Calvera av Serjas<\/td><td>CH. Perico av Serjas<\/td><\/tr><tr><td>CH. Madeline av Serjas&nbsp;<\/td><\/tr><tr><td rowspan=\"2\"><a href=\"http:\/\/bohemiatopstar.cz\/wpme\/index.php\/ch-crazy-comedy-bohemia-top-star\/\">CH. Crazy Comedy Bohemia Top Star<\/a><\/td><td>ICH. Sting fain Monstr<\/td><\/tr><tr><td><a href=\"http:\/\/bohemiatopstar.cz\/wpme\/index.php\/ch-cristin-ze-zahrabske\/\">CH Christin ze Zahrabsk\u00e9<\/a><\/td><\/tr><\/tbody><\/table><\/figure>\n","protected":false},"excerpt":{"rendered":"<p>Ch. Ella Gracia Bohemia Top Star Datum narozen\u00ed:&nbsp;19.11.2013 \u010c\u00edslo z\u00e1pisu:&nbsp;CMKU\/KS\/8555\/13 Bonitace:&nbsp;00\/4A\/5 DKK:&nbsp;1\/0 Chovatel:&nbsp;Zaj\u00ed\u010dkov\u00e1 Martina ing. Majitel:&nbsp;Zaj\u00ed\u010dkov\u00e1 Martina ing. Adresa:&nbsp;Brani\u0161ov 42,&nbsp;373 84 Dubn\u00e9 www:&nbsp;bohemiatopstar.cz V\u00fdstavy:&nbsp;VTM, Nejlep\u0161\u00ed mlad\u00fd jedinec OKV, Nejkr\u00e1sn\u011bj\u0161\u00ed kn\u00edra\u010d OKV, 4x CAC, res. CAC, 2x CACIB, Oblastn\u00ed v\u00edt\u011bz, Krajsk\u00fd v\u00edt\u011bz, N\u00e1rodn\u00ed v\u00edt\u011bz, 2x BOB, \u010cesk\u00fd \u0161ampion Zkou\u0161ky, z\u00e1vody:&nbsp;ZOP, ZPU1, ZZO, BH, IBGH 1, FPr1, [&hellip;]<\/p>\n","protected":false},"author":1,"featured_media":0,"parent":0,"menu_order":0,"comment_status":"closed","ping_status":"closed","template":"","meta":{"pgc_sgb_lightbox_settings":"","footnotes":""},"_links":{"self":[{"href":"https:\/\/bohemiatopstar.cz\/wpme\/index.php\/wp-json\/wp\/v2\/pages\/856"}],"collection":[{"href":"https:\/\/bohemiatopstar.cz\/wpme\/index.php\/wp-json\/wp\/v2\/pages"}],"about":[{"href":"https:\/\/bohemiatopstar.cz\/wpme\/index.php\/wp-json\/wp\/v2\/types\/page"}],"author":[{"embeddable":true,"href":"https:\/\/bohemiatopstar.cz\/wpme\/index.php\/wp-json\/wp\/v2\/users\/1"}],"replies":[{"embeddable":true,"href":"https:\/\/bohemiatopstar.cz\/wpme\/index.php\/wp-json\/wp\/v2\/comments?post=856"}],"version-history":[{"count":7,"href":"https:\/\/bohemiatopstar.cz\/wpme\/index.php\/wp-json\/wp\/v2\/pages\/856\/revisions"}],"predecessor-version":[{"id":1620,"href":"https:\/\/bohemiatopstar.cz\/wpme\/index.php\/wp-json\/wp\/v2\/pages\/856\/revisions\/1620"}],"wp:attachment":[{"href":"https:\/\/bohemiatopstar.cz\/wpme\/index.php\/wp-json\/wp\/v2\/media?parent=856"}],"curies":[{"name":"wp","href":"https:\/\/api.w.org\/{rel}","templated":true}]}}