{"id":862,"date":"2024-01-16T19:42:36","date_gmt":"2024-01-16T18:42:36","guid":{"rendered":"https:\/\/bohemiatopstar.cz\/wpme\/?page_id=862"},"modified":"2025-04-27T21:22:33","modified_gmt":"2025-04-27T19:22:33","slug":"notabene-noir-goldest-danubius","status":"publish","type":"page","link":"https:\/\/bohemiatopstar.cz\/wpme\/index.php\/notabene-noir-goldest-danubius\/","title":{"rendered":"Notabene Noir Goldest Danubius"},"content":{"rendered":"\n<h2 class=\"wp-block-heading\">Notabene Noir Goldest Danubius<\/h2>\n\n\n\n<figure class=\"wp-block-image size-large\"><img decoding=\"async\" width=\"1024\" height=\"753\" src=\"https:\/\/bohemiatopstar.cz\/wpme\/wp-content\/uploads\/2024\/01\/IMG_3689-1024x753.jpg\" alt=\"\" class=\"wp-image-936\" srcset=\"https:\/\/bohemiatopstar.cz\/wpme\/wp-content\/uploads\/2024\/01\/IMG_3689-1024x753.jpg 1024w, https:\/\/bohemiatopstar.cz\/wpme\/wp-content\/uploads\/2024\/01\/IMG_3689-300x221.jpg 300w, https:\/\/bohemiatopstar.cz\/wpme\/wp-content\/uploads\/2024\/01\/IMG_3689-768x565.jpg 768w, https:\/\/bohemiatopstar.cz\/wpme\/wp-content\/uploads\/2024\/01\/IMG_3689.jpg 1200w\" sizes=\"(max-width: 1024px) 100vw, 1024px\" \/><\/figure>\n\n\n\n<figure class=\"wp-block-table is-style-stripes\"><table><tbody><tr><td><strong>Datum narozen\u00ed:&nbsp;<\/strong>27.4.2016<\/td><td rowspan=\"8\"><a href=\"file:\/\/\/Users\/martina\/WP\/hueman\/assets\/front\/css\/storage\/IMG_3689.jpg\"><\/a><\/td><\/tr><tr><td><strong>\u010c\u00edslo z\u00e1pisu:&nbsp;<\/strong>CMKU\/KV\/<\/td><\/tr><tr><td><strong>Bonitace:&nbsp;<\/strong>0aa0\/4A\/6&nbsp;<\/td><\/tr><tr><td><strong>DKK:&nbsp;<\/strong>HD 0\/0, ED 0\/0, OCD ramen negativn\u00ed, LTV &#8211; typ 0, SA &#8211; 0 (negativn\u00ed)&nbsp;<\/td><\/tr><tr><td><strong>Chovatel:&nbsp;<\/strong>Rohlenov\u00e1 Petra Bc.<\/td><\/tr><tr><td><strong>Majitel:&nbsp;<\/strong>Martina Zaj\u00ed\u010dkov\u00e1 + Ji\u0159\u00ed Kozel<\/td><\/tr><tr><td><strong>Adresa:&nbsp;<\/strong>Brani\u0161ov 42,&nbsp;373 84 Dubn\u00e9<\/td><\/tr><tr><td><strong>www:&nbsp;<\/strong><a href=\"https:\/\/www.working-dog.com\/dogs-details\/5025529\/Notabene%20Noire%20Goldest%20Danubius\">na www.working-dog.com<\/a><\/td><\/tr><tr><td colspan=\"2\"><strong>V\u00fdstavy:<\/strong><\/td><\/tr><tr><td colspan=\"2\"><strong>Zkou\u0161ky, z\u00e1vody: BH, FPr2, SPr3, IGP3<\/strong>, 8. m\u00edsto CACT Karda\u0161ova \u0158e\u010dice 2022<\/td><\/tr><\/tbody><\/table><\/figure>\n\n\n\n<p><br><strong>RODOKMEN \/ PEDIGREE&nbsp;<\/strong><\/p>\n\n\n\n<figure class=\"wp-block-table\"><table><tbody><tr><td rowspan=\"4\">CH. Devil Denny Goldest Danubius<br>Klubov\u00fd \u0161ampion KCHK, CHampion \u010cR<br>IPO3, BH, OB-Z, UPr1<br>HD &#8211; 0\/0, ED 0\/0, PRA clear<br>00\/5A\/555<\/td><td rowspan=\"2\">Clark v. Klingsgarten<br>v\u00fdborn\u00fd<br>IPO2<br>HD a(0\/0)&nbsp;<\/td><td>Alex Arabona<br>Krajsk\u00fd v\u00edt\u011bz<br>IPO3, SchH3, ZV1, ZM, ZZZ<br>HD a(0\/0)&nbsp;<\/td><\/tr><tr><td>Zora v. Hatzbachtal<br>velmi dobr\u00e1<br>SchH3, AD<br>HD 0&nbsp;<\/td><\/tr><tr><td rowspan=\"2\">ICH. Nev Lemar Barbara<br>Inter\u0161., \u0160ampion. \u010cR,SK, Klub.\u010cR, N\u00e1rodn\u00ed a Klub. v\u00edt\u011bz, 2xCACIB., V\u00edt\u011bz celost. spec. v.<br>2xBOB, 8xCAC, 4xr.CACIB,OKV, 2xr.CAC, 3x\u010cK\u0160, BIS junior<br>ZM,ZVV1,FPr3, BH, ZOP, ZPU2<br>HD &#8211; 1<br>00\/5A\/5<br>V\u00fdkonnostn\u00ed bonitace &#8211; 55<br>PRA,C- neg.(o\u010di), Kardio neg.&nbsp;<\/td><td>CH. INGEBAR\u00b4S URI GELLER<br>\u0160ampion USA, Rus, LU, BY, LIT<br>IPO1<br>HD 0&nbsp;<\/td><\/tr><tr><td>LEMAR VALENS ARABELLA<br>2x CACIB, r.CACIB, 4x CAC, r.CAC<br>HD &#8211; A<\/td><\/tr><tr><td rowspan=\"4\">Jennifer Jeane Goldest Danubius<br>v\u00fdborn\u00e1 1, \u010cK\u0160<br>BH,IPO3<br>HD &#8211; 0\/0, ED 0\/0<br>00\/4Ar\/5<\/td><td rowspan=\"2\">VANDAMME<br>vom HATZBACHTAL<br>3x v\u00fdborn\u00fd<br>IPO3, VPG3, BH<br>Landesmeister 2x<br>\u00fa\u010d. Mistr. sv\u011bta a rep. v\u0161ech plemen<br>KKl.1<br>HD &#8211; A<br>K\u00f6rung 1-1-2-1&nbsp;<\/td><td>&gt;&nbsp;Akido<br>v. Elberfeld<br>2x mistr sv\u011bta ISPU<br>IPO3, SchH3, BH<br>Historicky nej\u00fasp\u011b\u0161n\u011bj\u0161\u00ed kn\u00edra\u010d v\u0161ech dob, fam\u00f3zn\u00ed obran\u00e1\u0159<br>2x MS (3. m\u00edsto)<br>\u00fa\u010d. mnoha mistr. z\u00e1vod\u016f<\/td><\/tr><tr><td>DIWA<br>v. HATZBACHTAL<br>Sestra vicemistra sv\u011bta ISPU %0 a 2x mistra PSK Darga<br>AD, BH, VPG3, FH1<br>HD &#8211; A&nbsp;<\/td><\/tr><tr><td rowspan=\"2\">HAPPY HILARY<br>Goldest Danubius<br>\u0160ampion \u010cR, klub. \u0161ampion \u010cR<br>Klubov\u00fd v\u00edt\u011bz 12 BOB, r.CACIB, CAC, OKV, 3x \u010cK\u0160, ISPU<br>IPO3, BH, OB-Z, OB1<br>HD &#8211; A, ED &#8211; 0<br>00\/5A\/5&nbsp;<\/td><td>XERRO<br>vom HATZBACHTAL<br>\u00da\u010d. VDH DM 2x<br>HD &#8211; 0<br>IPO3, VPG2, BH<\/td><\/tr><tr><td>New Lemar<br>BARBARA<br>Interchampion, Klub. v\u00edt\u011bz, BOB, Klub. \u0161amp., \u0160. \u010cR<br>ZVV1,FPr3, ZPU2, BH, ZM<\/td><\/tr><\/tbody><\/table><\/figure>\n","protected":false},"excerpt":{"rendered":"<p>Notabene Noir Goldest Danubius Datum narozen\u00ed:&nbsp;27.4.2016 \u010c\u00edslo z\u00e1pisu:&nbsp;CMKU\/KV\/ Bonitace:&nbsp;0aa0\/4A\/6&nbsp; DKK:&nbsp;HD 0\/0, ED 0\/0, OCD ramen negativn\u00ed, LTV &#8211; typ 0, SA &#8211; 0 (negativn\u00ed)&nbsp; Chovatel:&nbsp;Rohlenov\u00e1 Petra Bc. Majitel:&nbsp;Martina Zaj\u00ed\u010dkov\u00e1 + Ji\u0159\u00ed Kozel Adresa:&nbsp;Brani\u0161ov 42,&nbsp;373 84 Dubn\u00e9 www:&nbsp;na www.working-dog.com V\u00fdstavy: Zkou\u0161ky, z\u00e1vody: BH, FPr2, SPr3, IGP3, 8. m\u00edsto CACT Karda\u0161ova \u0158e\u010dice 2022 RODOKMEN \/ PEDIGREE&nbsp; CH. [&hellip;]<\/p>\n","protected":false},"author":1,"featured_media":0,"parent":0,"menu_order":0,"comment_status":"closed","ping_status":"closed","template":"","meta":{"pgc_sgb_lightbox_settings":"","footnotes":""},"_links":{"self":[{"href":"https:\/\/bohemiatopstar.cz\/wpme\/index.php\/wp-json\/wp\/v2\/pages\/862"}],"collection":[{"href":"https:\/\/bohemiatopstar.cz\/wpme\/index.php\/wp-json\/wp\/v2\/pages"}],"about":[{"href":"https:\/\/bohemiatopstar.cz\/wpme\/index.php\/wp-json\/wp\/v2\/types\/page"}],"author":[{"embeddable":true,"href":"https:\/\/bohemiatopstar.cz\/wpme\/index.php\/wp-json\/wp\/v2\/users\/1"}],"replies":[{"embeddable":true,"href":"https:\/\/bohemiatopstar.cz\/wpme\/index.php\/wp-json\/wp\/v2\/comments?post=862"}],"version-history":[{"count":3,"href":"https:\/\/bohemiatopstar.cz\/wpme\/index.php\/wp-json\/wp\/v2\/pages\/862\/revisions"}],"predecessor-version":[{"id":1627,"href":"https:\/\/bohemiatopstar.cz\/wpme\/index.php\/wp-json\/wp\/v2\/pages\/862\/revisions\/1627"}],"wp:attachment":[{"href":"https:\/\/bohemiatopstar.cz\/wpme\/index.php\/wp-json\/wp\/v2\/media?parent=862"}],"curies":[{"name":"wp","href":"https:\/\/api.w.org\/{rel}","templated":true}]}}