{"id":864,"date":"2024-01-16T19:57:50","date_gmt":"2024-01-16T18:57:50","guid":{"rendered":"https:\/\/bohemiatopstar.cz\/wpme\/?page_id=864"},"modified":"2025-04-27T21:20:03","modified_gmt":"2025-04-27T19:20:03","slug":"hope-finta-star","status":"publish","type":"page","link":"https:\/\/bohemiatopstar.cz\/wpme\/index.php\/hope-finta-star\/","title":{"rendered":"Hope Finta-Star"},"content":{"rendered":"\n<h2 class=\"wp-block-heading\">Hope Finta-Star<\/h2>\n\n\n\n<figure class=\"wp-block-image size-large\"><img decoding=\"async\" width=\"1024\" height=\"701\" src=\"https:\/\/bohemiatopstar.cz\/wpme\/wp-content\/uploads\/2024\/01\/347580312-1024x701.jpg\" alt=\"\" class=\"wp-image-933\" srcset=\"https:\/\/bohemiatopstar.cz\/wpme\/wp-content\/uploads\/2024\/01\/347580312-1024x701.jpg 1024w, https:\/\/bohemiatopstar.cz\/wpme\/wp-content\/uploads\/2024\/01\/347580312-300x205.jpg 300w, https:\/\/bohemiatopstar.cz\/wpme\/wp-content\/uploads\/2024\/01\/347580312-768x525.jpg 768w, https:\/\/bohemiatopstar.cz\/wpme\/wp-content\/uploads\/2024\/01\/347580312-1536x1051.jpg 1536w, https:\/\/bohemiatopstar.cz\/wpme\/wp-content\/uploads\/2024\/01\/347580312.jpg 1900w\" sizes=\"(max-width: 1024px) 100vw, 1024px\" \/><\/figure>\n\n\n\n<figure class=\"wp-block-table is-style-stripes\"><table><tbody><tr><td rowspan=\"9\"><img decoding=\"async\" src=\"\"><a href=\"file:\/\/\/Users\/martina\/WP\/hueman\/assets\/front\/css\/storage\/P7010006.JPG\"><\/a><\/td><\/tr><tr><td><strong>Datum narozen\u00ed:&nbsp;<\/strong>14.12.2021<\/td><\/tr><tr><td><strong>\u010c\u00edslo z\u00e1pisu:&nbsp;<\/strong>CMKU\/AT\/<\/td><\/tr><tr><td><strong>Bonitace: &nbsp;<\/strong>5GMcU\/5<\/td><\/tr><tr><td><strong>DKK: <\/strong> HD 0\/0, ED 0\/0, OCD ramen negativn\u00ed, LTV \u2013 typ 0, SA \u2013 0 (negativn\u00ed)&nbsp;<\/td><\/tr><tr><td><strong>Chovatel:&nbsp;<\/strong>Ho\u0161kov\u00e1 Simona<\/td><\/tr><tr><td><strong>Majitel:&nbsp;<\/strong>Zaj\u00ed\u010dkov\u00e1 Martina ing.<\/td><\/tr><tr><td><strong>Adresa:&nbsp;<\/strong>Brani\u0161ov 42,&nbsp;373 84 Dubn\u00e9<\/td><\/tr><tr><td><strong>www:&nbsp;<\/strong>bohemiatopstar.cz<\/td><\/tr><tr><td><\/td><td><\/td><\/tr><tr><td colspan=\"2\"><strong>V\u00fdstavy:&nbsp;<\/strong>v\u00fdborn\u00e1 3<\/td><\/tr><tr><td colspan=\"2\"><br><strong>Zkou\u0161ky, z\u00e1vody:&nbsp;<\/strong> BH-VT (56), SPr1 (98)<\/td><\/tr><\/tbody><\/table><\/figure>\n\n\n\n<p class=\"has-text-align-center\"><strong>RODOKMEN \/ PEDIGREE<\/strong><\/p>\n\n\n\n<figure class=\"wp-block-table\"><table class=\"has-fixed-layout\"><tbody><tr><td rowspan=\"4\">Lulu&#8217;s Fin-Fiete<\/td><td rowspan=\"2\"><\/td><td>\ufeff<\/td><\/tr><tr><td>\ufeff<\/td><\/tr><tr><td rowspan=\"2\"><\/td><td>\ufeff<\/td><\/tr><tr><td>\ufeff<\/td><\/tr><tr><td rowspan=\"4\">Quida v. Erikson<\/td><td rowspan=\"2\">\ufeff<\/td><td>\ufeff<\/td><\/tr><tr><td>\ufeff<\/td><\/tr><tr><td rowspan=\"2\">\ufeff<\/td><td>\ufeff<\/td><\/tr><tr><td>\ufeff<\/td><\/tr><\/tbody><\/table><\/figure>\n","protected":false},"excerpt":{"rendered":"<p>Hope Finta-Star Datum narozen\u00ed:&nbsp;14.12.2021 \u010c\u00edslo z\u00e1pisu:&nbsp;CMKU\/AT\/ Bonitace: &nbsp;5GMcU\/5 DKK: HD 0\/0, ED 0\/0, OCD ramen negativn\u00ed, LTV \u2013 typ 0, SA \u2013 0 (negativn\u00ed)&nbsp; Chovatel:&nbsp;Ho\u0161kov\u00e1 Simona Majitel:&nbsp;Zaj\u00ed\u010dkov\u00e1 Martina ing. Adresa:&nbsp;Brani\u0161ov 42,&nbsp;373 84 Dubn\u00e9 www:&nbsp;bohemiatopstar.cz V\u00fdstavy:&nbsp;v\u00fdborn\u00e1 3 Zkou\u0161ky, z\u00e1vody:&nbsp; BH-VT (56), SPr1 (98) RODOKMEN \/ PEDIGREE Lulu&#8217;s Fin-Fiete \ufeff \ufeff \ufeff \ufeff Quida v. Erikson \ufeff [&hellip;]<\/p>\n","protected":false},"author":1,"featured_media":0,"parent":0,"menu_order":0,"comment_status":"closed","ping_status":"closed","template":"","meta":{"pgc_sgb_lightbox_settings":"","footnotes":""},"_links":{"self":[{"href":"https:\/\/bohemiatopstar.cz\/wpme\/index.php\/wp-json\/wp\/v2\/pages\/864"}],"collection":[{"href":"https:\/\/bohemiatopstar.cz\/wpme\/index.php\/wp-json\/wp\/v2\/pages"}],"about":[{"href":"https:\/\/bohemiatopstar.cz\/wpme\/index.php\/wp-json\/wp\/v2\/types\/page"}],"author":[{"embeddable":true,"href":"https:\/\/bohemiatopstar.cz\/wpme\/index.php\/wp-json\/wp\/v2\/users\/1"}],"replies":[{"embeddable":true,"href":"https:\/\/bohemiatopstar.cz\/wpme\/index.php\/wp-json\/wp\/v2\/comments?post=864"}],"version-history":[{"count":4,"href":"https:\/\/bohemiatopstar.cz\/wpme\/index.php\/wp-json\/wp\/v2\/pages\/864\/revisions"}],"predecessor-version":[{"id":1623,"href":"https:\/\/bohemiatopstar.cz\/wpme\/index.php\/wp-json\/wp\/v2\/pages\/864\/revisions\/1623"}],"wp:attachment":[{"href":"https:\/\/bohemiatopstar.cz\/wpme\/index.php\/wp-json\/wp\/v2\/media?parent=864"}],"curies":[{"name":"wp","href":"https:\/\/api.w.org\/{rel}","templated":true}]}}